{"id":2285,"date":"2018-01-15T18:10:18","date_gmt":"2018-01-15T17:10:18","guid":{"rendered":"http:\/\/www.zum-kirchenbauer.de\/?page_id=2285"},"modified":"2025-11-27T09:11:14","modified_gmt":"2025-11-27T08:11:14","slug":"adventures","status":"publish","type":"page","link":"https:\/\/www.zum-kirchenbauer.de\/en\/home\/adventures\/","title":{"rendered":"Adventures"},"content":{"rendered":"\n<style type=\"text\/css\" data-created_by=\"avia_inline_auto\" id=\"style-css-av-2jurwgt-c5a43fe013b706fc8d1226ac419321c8\">\n.avia-section.av-2jurwgt-c5a43fe013b706fc8d1226ac419321c8{\nbackground-repeat:no-repeat;\nbackground-image:url(https:\/\/www.zum-kirchenbauer.de\/wp-content\/uploads\/zum-kirchenbauer-01-1024x625-1.jpg);\nbackground-position:50% 0%;\nbackground-attachment:scroll;\n}\n<\/style>\n<div id='av_section_1'  class='avia-section av-2jurwgt-c5a43fe013b706fc8d1226ac419321c8 main_color avia-section-default avia-no-border-styling  avia-builder-el-0  el_before_av_section  avia-builder-el-first  avia-full-stretch avia-bg-style-scroll av-minimum-height av-minimum-height-50 av-height-percent  container_wrap fullsize'  data-section-bg-repeat='stretch' data-av_minimum_height_pc='50' data-av_min_height_opt='percent'><div class='container av-section-cont-open' ><main  role=\"main\" itemprop=\"mainContentOfPage\"  class='template-page content  av-content-full alpha units'><div class='post-entry post-entry-type-page post-entry-2285'><div class='entry-content-wrapper clearfix'>\n\n<style type=\"text\/css\" data-created_by=\"avia_inline_auto\" id=\"style-css-av-91e30d-1ea217840b3d2e22c14f4352f4d1c520\">\n#top .av-special-heading.av-91e30d-1ea217840b3d2e22c14f4352f4d1c520{\npadding-bottom:10px;\ncolor:#ffffff;\nfont-size:60px;\n}\nbody .av-special-heading.av-91e30d-1ea217840b3d2e22c14f4352f4d1c520 .av-special-heading-tag .heading-char{\nfont-size:25px;\n}\n#top #wrap_all .av-special-heading.av-91e30d-1ea217840b3d2e22c14f4352f4d1c520 .av-special-heading-tag{\nfont-size:60px;\n}\n.av-special-heading.av-91e30d-1ea217840b3d2e22c14f4352f4d1c520 .special-heading-inner-border{\nborder-color:#ffffff;\n}\n.av-special-heading.av-91e30d-1ea217840b3d2e22c14f4352f4d1c520 .av-subheading{\nfont-size:15px;\n}\n\n@media only screen and (min-width: 480px) and (max-width: 767px){ \n#top #wrap_all .av-special-heading.av-91e30d-1ea217840b3d2e22c14f4352f4d1c520 .av-special-heading-tag{\nfont-size:0.8em;\n}\n}\n\n@media only screen and (max-width: 479px){ \n#top #wrap_all .av-special-heading.av-91e30d-1ea217840b3d2e22c14f4352f4d1c520 .av-special-heading-tag{\nfont-size:0.8em;\n}\n}\n<\/style>\n<div  class='av-special-heading av-91e30d-1ea217840b3d2e22c14f4352f4d1c520 av-special-heading-h1 custom-color-heading blockquote modern-quote modern-centered  avia-builder-el-1  avia-builder-el-no-sibling  av-inherit-size'><h1 class='av-special-heading-tag '  itemprop=\"headline\"  >ADVENTURES<\/h1><div class=\"special-heading-border\"><div class=\"special-heading-inner-border\"><\/div><\/div><\/div>\n\n<\/div><\/div><\/main><!-- close content main element --><\/div><\/div><div id='av_section_2'  class='avia-section av-2h3y5rh-9847adbb88a6369a3b3a44a22e84c2d3 main_color avia-section-large avia-no-border-styling  avia-builder-el-2  el_after_av_section  avia-builder-el-last  avia-bg-style-scroll container_wrap fullsize'  ><div class='container av-section-cont-open' ><div class='template-page content  av-content-full alpha units'><div class='post-entry post-entry-type-page post-entry-2285'><div class='entry-content-wrapper clearfix'>\n<div  class='flex_column av-2fnc319-702380a018490da5a427242c14229a5b av_one_fifth  avia-builder-el-3  el_before_av_three_fifth  avia-builder-el-first  first flex_column_div  '     ><\/div><div  class='flex_column av-2dvqk71-449e5d5e76fbfe0189dc468aec458673 av_three_fifth  avia-builder-el-4  el_after_av_one_fifth  el_before_av_one_fifth  flex_column_div  '     ><p>\n<style type=\"text\/css\" data-created_by=\"avia_inline_auto\" id=\"style-css-av-2br7xj1-58e73e1344748e69fe6b97383e7c821a\">\n#top .av-special-heading.av-2br7xj1-58e73e1344748e69fe6b97383e7c821a{\npadding-bottom:10px;\n}\nbody .av-special-heading.av-2br7xj1-58e73e1344748e69fe6b97383e7c821a .av-special-heading-tag .heading-char{\nfont-size:25px;\n}\n.av-special-heading.av-2br7xj1-58e73e1344748e69fe6b97383e7c821a .av-subheading{\nfont-size:15px;\n}\n<\/style>\n<div  class='av-special-heading av-2br7xj1-58e73e1344748e69fe6b97383e7c821a av-special-heading-h1 blockquote modern-quote modern-centered  avia-builder-el-5  el_before_av_hr  avia-builder-el-first '><h1 class='av-special-heading-tag '  itemprop=\"headline\"  >To experience<\/h1><div class=\"special-heading-border\"><div class=\"special-heading-inner-border\"><\/div><\/div><\/div><br \/>\n\n<style type=\"text\/css\" data-created_by=\"avia_inline_auto\" id=\"style-css-av-2agyc3x-49c1d76d583a63e3b8c7cde93ef062a2\">\n#top .hr.av-2agyc3x-49c1d76d583a63e3b8c7cde93ef062a2{\nmargin-top:30px;\nmargin-bottom:30px;\n}\n.hr.av-2agyc3x-49c1d76d583a63e3b8c7cde93ef062a2 .hr-inner{\nwidth:100px;\nborder-color:#000000;\n}\n<\/style>\n<div  class='hr av-2agyc3x-49c1d76d583a63e3b8c7cde93ef062a2 hr-custom  avia-builder-el-6  el_after_av_heading  el_before_av_textblock  hr-center hr-icon-no'><span class='hr-inner inner-border-av-border-fat'><span class=\"hr-inner-style\"><\/span><\/span><\/div><br \/>\n<section  class='av_textblock_section av-289keb1-243f09cffc7bb0165c3f9cacacd7a3fb '   itemscope=\"itemscope\" itemtype=\"https:\/\/schema.org\/CreativeWork\" ><div class='avia_textblock'  itemprop=\"text\" ><p><strong>Enjoy the delights of the Ammertal.<\/strong><\/p>\n<p>Holidays at last! The opportunity to leave the daily grind far behind. Lift your eyes up to the real mountains instead of being burdened by mountains of laundry, mountains of homework or mountains of paperwork. The Ammergau Alps offer wonderful experiences heaped with adventures great and small. Ludwig II, known in German as the \u00bbFairy Tale King\u00ab, particularly appreciated the land and people of this region. In a tributary valley near Graswang, he had Schloss Linderhof built, the smallest of his world-famous royal palaces and the one in which he most liked to live.<\/p>\n<p>His official duties in Munich were less enjoyable and city life did not please him at all. Tourists visiting today also find it hard to leave for the Ammertal is not only known for its culture. (The Oberammergau Passion Plays which have taken place every 10 years since 1633 are world famous.) The valley is also a wonderful part of the natural world enticing visitors to go hiking, climbing, power walking, mountain biking and paragliding. And the winter has plenty to offer to with skiing, snowboarding, cross-country skiing, snow-shoeing and sledging. If we were to list all the delights of nature and culture that Oberammergau can offer we would need more space.<\/p>\n<\/div><\/section><br \/>\n\n<style type=\"text\/css\" data-created_by=\"avia_inline_auto\" id=\"style-css-av-277c5jx-047da9843e7a04314e1881ea9ac8ebdc\">\n#top .hr.av-277c5jx-047da9843e7a04314e1881ea9ac8ebdc{\nmargin-top:30px;\nmargin-bottom:30px;\n}\n.hr.av-277c5jx-047da9843e7a04314e1881ea9ac8ebdc .hr-inner{\nwidth:100px;\nborder-color:#000000;\n}\n<\/style>\n<div  class='hr av-277c5jx-047da9843e7a04314e1881ea9ac8ebdc hr-custom  avia-builder-el-8  el_after_av_textblock  el_before_av_textblock  hr-center hr-icon-no'><span class='hr-inner inner-border-av-border-fat'><span class=\"hr-inner-style\"><\/span><\/span><\/div><br \/>\n<section  class='av_textblock_section av-7o53ul-c363f4edd9ceea535ef630573501dea8 '   itemscope=\"itemscope\" itemtype=\"https:\/\/schema.org\/CreativeWork\" ><div class='avia_textblock'  itemprop=\"text\" ><p style=\"text-align: center;\">Nosey?<\/p>\n<p><a href=\"https:\/\/www.ammergauer-alpen.de\/\" target=\"_blank\" rel=\"noopener\"><img loading=\"lazy\" decoding=\"async\" class=\"aligncenter wp-image-2462 size-full\" src=\"https:\/\/www.zum-kirchenbauer.de\/wp-content\/uploads\/aa-logo-ogau.gif\" alt=\"\" width=\"124\" height=\"60\" \/><\/a><\/p>\n<\/div><\/section><\/p><\/div><div  class='flex_column av-23phz4t-fae4a385837aa946fd41ae8943841701 av_one_fifth  avia-builder-el-10  el_after_av_three_fifth  avia-builder-el-last  flex_column_div  '     ><\/div>\n\n","protected":false},"excerpt":{"rendered":"","protected":false},"author":1,"featured_media":0,"parent":2278,"menu_order":0,"comment_status":"closed","ping_status":"closed","template":"","meta":{"footnotes":""},"class_list":["post-2285","page","type-page","status-publish","hentry"],"yoast_head":"<!-- This site is optimized with the Yoast SEO plugin v26.7 - https:\/\/yoast.com\/wordpress\/plugins\/seo\/ -->\n<title>Adventures - Zum Kirchenbauer \u2014 Pension in Oberammergau<\/title>\n<meta name=\"description\" content=\"Pension Zum Kirchenbauer in Oberammergau \u2013 Ihr gem\u00fctlicher Ausgangspunkt zu Neuschwanstein, Linderhof, Wank, Schleifm\u00fchlklamm &amp; den sch\u00f6nsten Alpenzielen.\" \/>\n<meta name=\"robots\" content=\"index, follow, max-snippet:-1, max-image-preview:large, max-video-preview:-1\" \/>\n<link rel=\"canonical\" href=\"https:\/\/www.zum-kirchenbauer.de\/en\/home\/adventures\/\" \/>\n<meta property=\"og:locale\" content=\"en_US\" \/>\n<meta property=\"og:type\" content=\"article\" \/>\n<meta property=\"og:title\" content=\"Adventures - Zum Kirchenbauer \u2014 Pension in Oberammergau\" \/>\n<meta property=\"og:description\" content=\"Pension Zum Kirchenbauer in Oberammergau \u2013 Ihr gem\u00fctlicher Ausgangspunkt zu Neuschwanstein, Linderhof, Wank, Schleifm\u00fchlklamm &amp; den sch\u00f6nsten Alpenzielen.\" \/>\n<meta property=\"og:url\" content=\"https:\/\/www.zum-kirchenbauer.de\/en\/home\/adventures\/\" \/>\n<meta property=\"og:site_name\" content=\"Zum Kirchenbauer\" \/>\n<meta property=\"article:modified_time\" content=\"2025-11-27T08:11:14+00:00\" \/>\n<meta property=\"og:image\" content=\"https:\/\/www.zum-kirchenbauer.de\/wp-content\/uploads\/aa-logo-ogau.gif\" \/>\n\t<meta property=\"og:image:width\" content=\"124\" \/>\n\t<meta property=\"og:image:height\" content=\"60\" \/>\n\t<meta property=\"og:image:type\" content=\"image\/gif\" \/>\n<meta name=\"twitter:card\" content=\"summary_large_image\" \/>\n<meta name=\"twitter:label1\" content=\"Est. reading time\" \/>\n\t<meta name=\"twitter:data1\" content=\"4 minutes\" \/>\n<script type=\"application\/ld+json\" class=\"yoast-schema-graph\">{\"@context\":\"https:\/\/schema.org\",\"@graph\":[{\"@type\":\"WebPage\",\"@id\":\"https:\/\/www.zum-kirchenbauer.de\/en\/home\/adventures\/\",\"url\":\"https:\/\/www.zum-kirchenbauer.de\/en\/home\/adventures\/\",\"name\":\"Adventures - Zum Kirchenbauer \u2014 Pension in Oberammergau\",\"isPartOf\":{\"@id\":\"https:\/\/www.zum-kirchenbauer.de\/#website\"},\"primaryImageOfPage\":{\"@id\":\"https:\/\/www.zum-kirchenbauer.de\/en\/home\/adventures\/#primaryimage\"},\"image\":{\"@id\":\"https:\/\/www.zum-kirchenbauer.de\/en\/home\/adventures\/#primaryimage\"},\"thumbnailUrl\":\"https:\/\/www.zum-kirchenbauer.de\/wp-content\/uploads\/aa-logo-ogau.gif\",\"datePublished\":\"2018-01-15T17:10:18+00:00\",\"dateModified\":\"2025-11-27T08:11:14+00:00\",\"description\":\"Pension Zum Kirchenbauer in Oberammergau \u2013 Ihr gem\u00fctlicher Ausgangspunkt zu Neuschwanstein, Linderhof, Wank, Schleifm\u00fchlklamm & den sch\u00f6nsten Alpenzielen.\",\"breadcrumb\":{\"@id\":\"https:\/\/www.zum-kirchenbauer.de\/en\/home\/adventures\/#breadcrumb\"},\"inLanguage\":\"en-US\",\"potentialAction\":[{\"@type\":\"ReadAction\",\"target\":[\"https:\/\/www.zum-kirchenbauer.de\/en\/home\/adventures\/\"]}]},{\"@type\":\"ImageObject\",\"inLanguage\":\"en-US\",\"@id\":\"https:\/\/www.zum-kirchenbauer.de\/en\/home\/adventures\/#primaryimage\",\"url\":\"https:\/\/www.zum-kirchenbauer.de\/wp-content\/uploads\/aa-logo-ogau.gif\",\"contentUrl\":\"https:\/\/www.zum-kirchenbauer.de\/wp-content\/uploads\/aa-logo-ogau.gif\"},{\"@type\":\"BreadcrumbList\",\"@id\":\"https:\/\/www.zum-kirchenbauer.de\/en\/home\/adventures\/#breadcrumb\",\"itemListElement\":[{\"@type\":\"ListItem\",\"position\":1,\"name\":\"Startseite\",\"item\":\"https:\/\/www.zum-kirchenbauer.de\/en\/home\/\"},{\"@type\":\"ListItem\",\"position\":2,\"name\":\"Zum Kirchenbauer\",\"item\":\"https:\/\/www.zum-kirchenbauer.de\/en\/home\/\"},{\"@type\":\"ListItem\",\"position\":3,\"name\":\"Adventures\"}]},{\"@type\":\"WebSite\",\"@id\":\"https:\/\/www.zum-kirchenbauer.de\/#website\",\"url\":\"https:\/\/www.zum-kirchenbauer.de\/\",\"name\":\"Pension Zum Kirchenbauer in Oberammergau\",\"description\":\"Das Besondere hat eine Geschichte.\",\"publisher\":{\"@id\":\"https:\/\/www.zum-kirchenbauer.de\/#organization\"},\"alternateName\":\"Zum Kirchenbauer\",\"potentialAction\":[{\"@type\":\"SearchAction\",\"target\":{\"@type\":\"EntryPoint\",\"urlTemplate\":\"https:\/\/www.zum-kirchenbauer.de\/?s={search_term_string}\"},\"query-input\":{\"@type\":\"PropertyValueSpecification\",\"valueRequired\":true,\"valueName\":\"search_term_string\"}}],\"inLanguage\":\"en-US\"},{\"@type\":\"Organization\",\"@id\":\"https:\/\/www.zum-kirchenbauer.de\/#organization\",\"name\":\"Zum Kirchenbauer\",\"url\":\"https:\/\/www.zum-kirchenbauer.de\/\",\"logo\":{\"@type\":\"ImageObject\",\"inLanguage\":\"en-US\",\"@id\":\"https:\/\/www.zum-kirchenbauer.de\/#\/schema\/logo\/image\/\",\"url\":\"https:\/\/www.zum-kirchenbauer.de\/wp-content\/uploads\/fav.png\",\"contentUrl\":\"https:\/\/www.zum-kirchenbauer.de\/wp-content\/uploads\/fav.png\",\"width\":600,\"height\":600,\"caption\":\"Zum Kirchenbauer\"},\"image\":{\"@id\":\"https:\/\/www.zum-kirchenbauer.de\/#\/schema\/logo\/image\/\"}}]}<\/script>\n<!-- \/ Yoast SEO plugin. -->","yoast_head_json":{"title":"Adventures - Zum Kirchenbauer \u2014 Pension in Oberammergau","description":"Pension Zum Kirchenbauer in Oberammergau \u2013 Ihr gem\u00fctlicher Ausgangspunkt zu Neuschwanstein, Linderhof, Wank, Schleifm\u00fchlklamm & den sch\u00f6nsten Alpenzielen.","robots":{"index":"index","follow":"follow","max-snippet":"max-snippet:-1","max-image-preview":"max-image-preview:large","max-video-preview":"max-video-preview:-1"},"canonical":"https:\/\/www.zum-kirchenbauer.de\/en\/home\/adventures\/","og_locale":"en_US","og_type":"article","og_title":"Adventures - Zum Kirchenbauer \u2014 Pension in Oberammergau","og_description":"Pension Zum Kirchenbauer in Oberammergau \u2013 Ihr gem\u00fctlicher Ausgangspunkt zu Neuschwanstein, Linderhof, Wank, Schleifm\u00fchlklamm & den sch\u00f6nsten Alpenzielen.","og_url":"https:\/\/www.zum-kirchenbauer.de\/en\/home\/adventures\/","og_site_name":"Zum Kirchenbauer","article_modified_time":"2025-11-27T08:11:14+00:00","og_image":[{"width":124,"height":60,"url":"https:\/\/www.zum-kirchenbauer.de\/wp-content\/uploads\/aa-logo-ogau.gif","type":"image\/gif"}],"twitter_card":"summary_large_image","twitter_misc":{"Est. reading time":"4 minutes"},"schema":{"@context":"https:\/\/schema.org","@graph":[{"@type":"WebPage","@id":"https:\/\/www.zum-kirchenbauer.de\/en\/home\/adventures\/","url":"https:\/\/www.zum-kirchenbauer.de\/en\/home\/adventures\/","name":"Adventures - Zum Kirchenbauer \u2014 Pension in Oberammergau","isPartOf":{"@id":"https:\/\/www.zum-kirchenbauer.de\/#website"},"primaryImageOfPage":{"@id":"https:\/\/www.zum-kirchenbauer.de\/en\/home\/adventures\/#primaryimage"},"image":{"@id":"https:\/\/www.zum-kirchenbauer.de\/en\/home\/adventures\/#primaryimage"},"thumbnailUrl":"https:\/\/www.zum-kirchenbauer.de\/wp-content\/uploads\/aa-logo-ogau.gif","datePublished":"2018-01-15T17:10:18+00:00","dateModified":"2025-11-27T08:11:14+00:00","description":"Pension Zum Kirchenbauer in Oberammergau \u2013 Ihr gem\u00fctlicher Ausgangspunkt zu Neuschwanstein, Linderhof, Wank, Schleifm\u00fchlklamm & den sch\u00f6nsten Alpenzielen.","breadcrumb":{"@id":"https:\/\/www.zum-kirchenbauer.de\/en\/home\/adventures\/#breadcrumb"},"inLanguage":"en-US","potentialAction":[{"@type":"ReadAction","target":["https:\/\/www.zum-kirchenbauer.de\/en\/home\/adventures\/"]}]},{"@type":"ImageObject","inLanguage":"en-US","@id":"https:\/\/www.zum-kirchenbauer.de\/en\/home\/adventures\/#primaryimage","url":"https:\/\/www.zum-kirchenbauer.de\/wp-content\/uploads\/aa-logo-ogau.gif","contentUrl":"https:\/\/www.zum-kirchenbauer.de\/wp-content\/uploads\/aa-logo-ogau.gif"},{"@type":"BreadcrumbList","@id":"https:\/\/www.zum-kirchenbauer.de\/en\/home\/adventures\/#breadcrumb","itemListElement":[{"@type":"ListItem","position":1,"name":"Startseite","item":"https:\/\/www.zum-kirchenbauer.de\/en\/home\/"},{"@type":"ListItem","position":2,"name":"Zum Kirchenbauer","item":"https:\/\/www.zum-kirchenbauer.de\/en\/home\/"},{"@type":"ListItem","position":3,"name":"Adventures"}]},{"@type":"WebSite","@id":"https:\/\/www.zum-kirchenbauer.de\/#website","url":"https:\/\/www.zum-kirchenbauer.de\/","name":"Pension Zum Kirchenbauer in Oberammergau","description":"Das Besondere hat eine Geschichte.","publisher":{"@id":"https:\/\/www.zum-kirchenbauer.de\/#organization"},"alternateName":"Zum Kirchenbauer","potentialAction":[{"@type":"SearchAction","target":{"@type":"EntryPoint","urlTemplate":"https:\/\/www.zum-kirchenbauer.de\/?s={search_term_string}"},"query-input":{"@type":"PropertyValueSpecification","valueRequired":true,"valueName":"search_term_string"}}],"inLanguage":"en-US"},{"@type":"Organization","@id":"https:\/\/www.zum-kirchenbauer.de\/#organization","name":"Zum Kirchenbauer","url":"https:\/\/www.zum-kirchenbauer.de\/","logo":{"@type":"ImageObject","inLanguage":"en-US","@id":"https:\/\/www.zum-kirchenbauer.de\/#\/schema\/logo\/image\/","url":"https:\/\/www.zum-kirchenbauer.de\/wp-content\/uploads\/fav.png","contentUrl":"https:\/\/www.zum-kirchenbauer.de\/wp-content\/uploads\/fav.png","width":600,"height":600,"caption":"Zum Kirchenbauer"},"image":{"@id":"https:\/\/www.zum-kirchenbauer.de\/#\/schema\/logo\/image\/"}}]}},"_links":{"self":[{"href":"https:\/\/www.zum-kirchenbauer.de\/en\/wp-json\/wp\/v2\/pages\/2285","targetHints":{"allow":["GET"]}}],"collection":[{"href":"https:\/\/www.zum-kirchenbauer.de\/en\/wp-json\/wp\/v2\/pages"}],"about":[{"href":"https:\/\/www.zum-kirchenbauer.de\/en\/wp-json\/wp\/v2\/types\/page"}],"author":[{"embeddable":true,"href":"https:\/\/www.zum-kirchenbauer.de\/en\/wp-json\/wp\/v2\/users\/1"}],"replies":[{"embeddable":true,"href":"https:\/\/www.zum-kirchenbauer.de\/en\/wp-json\/wp\/v2\/comments?post=2285"}],"version-history":[{"count":4,"href":"https:\/\/www.zum-kirchenbauer.de\/en\/wp-json\/wp\/v2\/pages\/2285\/revisions"}],"predecessor-version":[{"id":2607,"href":"https:\/\/www.zum-kirchenbauer.de\/en\/wp-json\/wp\/v2\/pages\/2285\/revisions\/2607"}],"up":[{"embeddable":true,"href":"https:\/\/www.zum-kirchenbauer.de\/en\/wp-json\/wp\/v2\/pages\/2278"}],"wp:attachment":[{"href":"https:\/\/www.zum-kirchenbauer.de\/en\/wp-json\/wp\/v2\/media?parent=2285"}],"curies":[{"name":"wp","href":"https:\/\/api.w.org\/{rel}","templated":true}]}}