{"id":2287,"date":"2018-01-15T18:07:47","date_gmt":"2018-01-15T17:07:47","guid":{"rendered":"http:\/\/www.zum-kirchenbauer.de\/?page_id=2287"},"modified":"2025-12-11T11:09:39","modified_gmt":"2025-12-11T10:09:39","slug":"accommodation","status":"publish","type":"page","link":"https:\/\/www.zum-kirchenbauer.de\/en\/home\/accommodation\/","title":{"rendered":"Accommodation"},"content":{"rendered":"\n<style type=\"text\/css\" data-created_by=\"avia_inline_auto\" id=\"style-css-av-oj267j-4992bfecf3eb168bc6031e7be3c64f3f\">\n.avia-section.av-oj267j-4992bfecf3eb168bc6031e7be3c64f3f{\nbackground-repeat:no-repeat;\nbackground-image:url(https:\/\/www.zum-kirchenbauer.de\/wp-content\/uploads\/bett-1024x683-1.jpg);\nbackground-position:50% 50%;\nbackground-attachment:scroll;\n}\n<\/style>\n<div id='av_section_1'  class='avia-section av-oj267j-4992bfecf3eb168bc6031e7be3c64f3f main_color avia-section-default avia-no-border-styling  avia-builder-el-0  el_before_av_section  avia-builder-el-first  avia-full-stretch avia-bg-style-scroll av-minimum-height av-minimum-height-50 av-height-percent  container_wrap fullsize'  data-section-bg-repeat='stretch' data-av_minimum_height_pc='50' data-av_min_height_opt='percent'><div class='container av-section-cont-open' ><main  role=\"main\" itemprop=\"mainContentOfPage\"  class='template-page content  av-content-full alpha units'><div class='post-entry post-entry-type-page post-entry-2287'><div class='entry-content-wrapper clearfix'>\n\n<style type=\"text\/css\" data-created_by=\"avia_inline_auto\" id=\"style-css-av-me6wan-c5c1d5b057ed451f30fd8d6e71a36441\">\n#top .av-special-heading.av-me6wan-c5c1d5b057ed451f30fd8d6e71a36441{\npadding-bottom:10px;\ncolor:#ffffff;\nfont-size:60px;\n}\nbody .av-special-heading.av-me6wan-c5c1d5b057ed451f30fd8d6e71a36441 .av-special-heading-tag .heading-char{\nfont-size:25px;\n}\n#top #wrap_all .av-special-heading.av-me6wan-c5c1d5b057ed451f30fd8d6e71a36441 .av-special-heading-tag{\nfont-size:60px;\n}\n.av-special-heading.av-me6wan-c5c1d5b057ed451f30fd8d6e71a36441 .special-heading-inner-border{\nborder-color:#ffffff;\n}\n.av-special-heading.av-me6wan-c5c1d5b057ed451f30fd8d6e71a36441 .av-subheading{\nfont-size:15px;\n}\n\n@media only screen and (min-width: 480px) and (max-width: 767px){ \n#top #wrap_all .av-special-heading.av-me6wan-c5c1d5b057ed451f30fd8d6e71a36441 .av-special-heading-tag{\nfont-size:0.8em;\n}\n}\n\n@media only screen and (max-width: 479px){ \n#top #wrap_all .av-special-heading.av-me6wan-c5c1d5b057ed451f30fd8d6e71a36441 .av-special-heading-tag{\nfont-size:0.8em;\n}\n}\n<\/style>\n<div  class='av-special-heading av-me6wan-c5c1d5b057ed451f30fd8d6e71a36441 av-special-heading-h1 custom-color-heading blockquote modern-quote modern-centered  avia-builder-el-1  avia-builder-el-no-sibling  av-inherit-size'><h1 class='av-special-heading-tag '  itemprop=\"headline\"  >ACCOMODATION<\/h1><div class=\"special-heading-border\"><div class=\"special-heading-inner-border\"><\/div><\/div><\/div>\n\n<\/div><\/div><\/main><!-- close content main element --><\/div><\/div><div id='av_section_2'  class='avia-section av-21ofvj-d32372b39887f4e08c65a4b8c25935bc main_color avia-section-large avia-no-border-styling  avia-builder-el-2  el_after_av_section  el_before_av_slideshow_full  avia-bg-style-scroll container_wrap fullsize'  ><div class='container av-section-cont-open' ><div class='template-page content  av-content-full alpha units'><div class='post-entry post-entry-type-page post-entry-2287'><div class='entry-content-wrapper clearfix'>\n<div  class='flex_column av-iiyohb-1002c1d947d0c45413d3fe676ae6ad47 av_one_fifth  avia-builder-el-3  el_before_av_three_fifth  avia-builder-el-first  first flex_column_div  '     ><\/div><div  class='flex_column av-h1clgf-bc854e1ebf0d8b98a3fe2774c5a27349 av_three_fifth  avia-builder-el-4  el_after_av_one_fifth  el_before_av_one_fifth  flex_column_div  '     ><p>\n<style type=\"text\/css\" data-created_by=\"avia_inline_auto\" id=\"style-css-av-fb6ar3-7c413c0d4b0ad8f90131fff4c5c949a0\">\n#top .av-special-heading.av-fb6ar3-7c413c0d4b0ad8f90131fff4c5c949a0{\npadding-bottom:10px;\n}\nbody .av-special-heading.av-fb6ar3-7c413c0d4b0ad8f90131fff4c5c949a0 .av-special-heading-tag .heading-char{\nfont-size:25px;\n}\n.av-special-heading.av-fb6ar3-7c413c0d4b0ad8f90131fff4c5c949a0 .av-subheading{\nfont-size:15px;\n}\n<\/style>\n<div  class='av-special-heading av-fb6ar3-7c413c0d4b0ad8f90131fff4c5c949a0 av-special-heading-h1 blockquote modern-quote modern-centered  avia-builder-el-5  el_before_av_hr  avia-builder-el-first '><h1 class='av-special-heading-tag '  itemprop=\"headline\"  >To stay the night<\/h1><div class=\"special-heading-border\"><div class=\"special-heading-inner-border\"><\/div><\/div><\/div><br \/>\n\n<style type=\"text\/css\" data-created_by=\"avia_inline_auto\" id=\"style-css-av-1cgqen-a2b7a50f286fe947ff9e9268025b41fc\">\n#top .hr.av-1cgqen-a2b7a50f286fe947ff9e9268025b41fc{\nmargin-top:30px;\nmargin-bottom:30px;\n}\n.hr.av-1cgqen-a2b7a50f286fe947ff9e9268025b41fc .hr-inner{\nwidth:100px;\nborder-color:#000000;\n}\n<\/style>\n<div  class='hr av-1cgqen-a2b7a50f286fe947ff9e9268025b41fc hr-custom  avia-builder-el-6  el_after_av_heading  el_before_av_textblock  hr-center hr-icon-no'><span class='hr-inner inner-border-av-border-fat'><span class=\"hr-inner-style\"><\/span><\/span><\/div><br \/>\n<section  class='av_textblock_section av-d2i9zz-499abd9200b382ea38094d1dfe4d1f66 '   itemscope=\"itemscope\" itemtype=\"https:\/\/schema.org\/CreativeWork\" ><div class='avia_textblock'  itemprop=\"text\" ><p><strong>Hidden away, yet at the heart of modern life.<\/strong><\/p>\n<p>When staying at the \u00bbKirchenbauer\u00ab, you will have a view of Peter and Paul, Oberammergau\u2019s church; or of Kofel and Laber \u2013 the mountains near Oberammergau. All our rooms also have Wireless LAN and satellite TV so that your view of the rest of the world is not obstructed by the church or the mountains. The most beautiful prospect that you can enjoy at the \u00bbKirchenbauer\u00ab however is a completely different one: the prospect of a relaxing holiday. Our rooms in the large, old \u00bbKirchenbauer\u00ab house are delightfully cosy.<\/p>\n<p>Each has its own charm. All of them have the inimitable \u00bbKirchenbauer\u00ab character. Some have a balcony. Others can be connected to make a family apartment with a kitchenette, dining area and corner seating. And we have our regular guests who always return to room no. 7 \u2013 right up under the roof. From here, they look out through the round \u2018eyes\u2019 of the house whilst pondering all the options of how to spend their holiday\u2026<\/p>\n<\/div><\/section><br \/>\n\n<style type=\"text\/css\" data-created_by=\"avia_inline_auto\" id=\"style-css-av-b8s0tb-ad0db2a95b7f53ced417a348cfdbaae1\">\n#top .hr.av-b8s0tb-ad0db2a95b7f53ced417a348cfdbaae1{\nmargin-top:30px;\nmargin-bottom:30px;\n}\n.hr.av-b8s0tb-ad0db2a95b7f53ced417a348cfdbaae1 .hr-inner{\nwidth:100px;\nborder-color:#000000;\n}\n<\/style>\n<div  class='hr av-b8s0tb-ad0db2a95b7f53ced417a348cfdbaae1 hr-custom  avia-builder-el-8  el_after_av_textblock  el_before_av_heading  hr-center hr-icon-no'><span class='hr-inner inner-border-av-border-fat'><span class=\"hr-inner-style\"><\/span><\/span><\/div><br \/>\n\n<style type=\"text\/css\" data-created_by=\"avia_inline_auto\" id=\"style-css-av-yiz4v-508090dddd800e2163912800531163cd\">\n#top .av-special-heading.av-yiz4v-508090dddd800e2163912800531163cd{\npadding-bottom:10px;\n}\nbody .av-special-heading.av-yiz4v-508090dddd800e2163912800531163cd .av-special-heading-tag .heading-char{\nfont-size:25px;\n}\n.av-special-heading.av-yiz4v-508090dddd800e2163912800531163cd .av-subheading{\nfont-size:15px;\n}\n<\/style>\n<div  class='av-special-heading av-yiz4v-508090dddd800e2163912800531163cd av-special-heading-h3 blockquote modern-quote modern-centered  avia-builder-el-9  el_after_av_hr  avia-builder-el-last '><h3 class='av-special-heading-tag '  itemprop=\"headline\"  >Why not choose the room you would prefer?<\/h3><div class=\"special-heading-border\"><div class=\"special-heading-inner-border\"><\/div><\/div><\/div><\/p><\/div><div  class='flex_column av-753vn3-4432e61cfbb05b125a0a9233ce8f9973 av_one_fifth  avia-builder-el-10  el_after_av_three_fifth  avia-builder-el-last  flex_column_div  '     ><\/div>\n\n<\/div><\/div><\/div><!-- close content main div --><\/div><\/div><div id='full_slider_1'  class='avia-fullwidth-slider main_color avia-shadow   avia-builder-el-11  el_after_av_section  avia-builder-el-last   slider-not-first container_wrap fullsize'  ><div  class='avia-slideshow av-b9itbj-c620a79cddcc6435172a9b9aca4d85de avia-slideshow-no scaling av_slideshow_full avia-slide-slider av-slideshow-ui av-control-minimal av-control-minimal-dark av-no-slider-navigation av-slideshow-manual av-loop-once av-loop-manual-endless av-default-height-applied   avia-slideshow-1' data-slideshow-options=\"{&quot;animation&quot;:&quot;slide&quot;,&quot;autoplay&quot;:false,&quot;loop_autoplay&quot;:&quot;once&quot;,&quot;interval&quot;:5,&quot;loop_manual&quot;:&quot;manual-endless&quot;,&quot;autoplay_stopper&quot;:false,&quot;noNavigation&quot;:false,&quot;bg_slider&quot;:false,&quot;keep_padding&quot;:false,&quot;hoverpause&quot;:false,&quot;show_slide_delay&quot;:0}\"  itemprop=\"image\" itemscope=\"itemscope\" itemtype=\"https:\/\/schema.org\/ImageObject\" ><ul class='avia-slideshow-inner ' style='padding-bottom: 66.69921875%;'><li  class='avia-slideshow-slide av-b9itbj-c620a79cddcc6435172a9b9aca4d85de__0  slide-1 slide-odd'><div data-rel='slideshow-1' class='avia-slide-wrap '   ><img decoding=\"async\" fetchpriority=\"high\" class=\"wp-image-2649 avia-img-lazy-loading-not-2649\"  src=\"https:\/\/www.zum-kirchenbauer.de\/wp-content\/uploads\/zum-uebernachten-en2.jpg\" width=\"1024\" height=\"683\" title='Zum Kirchenbauer' alt=''  itemprop=\"thumbnailUrl\" srcset=\"https:\/\/www.zum-kirchenbauer.de\/wp-content\/uploads\/zum-uebernachten-en2.jpg 1024w, https:\/\/www.zum-kirchenbauer.de\/wp-content\/uploads\/zum-uebernachten-en2-300x200.jpg 300w, https:\/\/www.zum-kirchenbauer.de\/wp-content\/uploads\/zum-uebernachten-en2-768x512.jpg 768w, https:\/\/www.zum-kirchenbauer.de\/wp-content\/uploads\/zum-uebernachten-en2-705x470.jpg 705w\" sizes=\"(max-width: 1024px) 100vw, 1024px\" \/><\/div><\/li><li  class='avia-slideshow-slide av-b9itbj-c620a79cddcc6435172a9b9aca4d85de__1  slide-2 slide-even'><div data-rel='slideshow-1' class='avia-slide-wrap '   ><img decoding=\"async\" fetchpriority=\"high\" class=\"wp-image-2651 avia-img-lazy-loading-not-2651\"  src=\"https:\/\/www.zum-kirchenbauer.de\/wp-content\/uploads\/zum-uebernachten-en1.jpg\" width=\"1024\" height=\"683\" title='Zum Kirchenbauer' alt=''  itemprop=\"thumbnailUrl\" srcset=\"https:\/\/www.zum-kirchenbauer.de\/wp-content\/uploads\/zum-uebernachten-en1.jpg 1024w, https:\/\/www.zum-kirchenbauer.de\/wp-content\/uploads\/zum-uebernachten-en1-300x200.jpg 300w, https:\/\/www.zum-kirchenbauer.de\/wp-content\/uploads\/zum-uebernachten-en1-768x512.jpg 768w, https:\/\/www.zum-kirchenbauer.de\/wp-content\/uploads\/zum-uebernachten-en1-705x470.jpg 705w\" sizes=\"(max-width: 1024px) 100vw, 1024px\" \/><\/div><\/li><li  class='avia-slideshow-slide av-b9itbj-c620a79cddcc6435172a9b9aca4d85de__2  slide-3 slide-odd'><div data-rel='slideshow-1' class='avia-slide-wrap '   ><img decoding=\"async\" fetchpriority=\"high\" class=\"wp-image-2630 avia-img-lazy-loading-not-2630\"  src=\"https:\/\/www.zum-kirchenbauer.de\/wp-content\/uploads\/zum-uebernachten-03.jpg\" width=\"1024\" height=\"683\" title='Zum Kirchenbauer' alt=''  itemprop=\"thumbnailUrl\" srcset=\"https:\/\/www.zum-kirchenbauer.de\/wp-content\/uploads\/zum-uebernachten-03.jpg 1024w, https:\/\/www.zum-kirchenbauer.de\/wp-content\/uploads\/zum-uebernachten-03-300x200.jpg 300w, https:\/\/www.zum-kirchenbauer.de\/wp-content\/uploads\/zum-uebernachten-03-768x512.jpg 768w, https:\/\/www.zum-kirchenbauer.de\/wp-content\/uploads\/zum-uebernachten-03-705x470.jpg 705w\" sizes=\"(max-width: 1024px) 100vw, 1024px\" \/><\/div><\/li><li  class='avia-slideshow-slide av-b9itbj-c620a79cddcc6435172a9b9aca4d85de__3  slide-4 slide-even'><div data-rel='slideshow-1' class='avia-slide-wrap '   ><img decoding=\"async\" fetchpriority=\"high\" class=\"wp-image-2558 avia-img-lazy-loading-not-2558\"  src=\"https:\/\/www.zum-kirchenbauer.de\/wp-content\/uploads\/zum-uebernachten-1024x683-1.jpg\" width=\"1024\" height=\"683\" title='Zum Kirchenbauer' alt=''  itemprop=\"thumbnailUrl\" srcset=\"https:\/\/www.zum-kirchenbauer.de\/wp-content\/uploads\/zum-uebernachten-1024x683-1.jpg 1024w, https:\/\/www.zum-kirchenbauer.de\/wp-content\/uploads\/zum-uebernachten-1024x683-1-300x200.jpg 300w, https:\/\/www.zum-kirchenbauer.de\/wp-content\/uploads\/zum-uebernachten-1024x683-1-768x512.jpg 768w, https:\/\/www.zum-kirchenbauer.de\/wp-content\/uploads\/zum-uebernachten-1024x683-1-705x470.jpg 705w\" sizes=\"(max-width: 1024px) 100vw, 1024px\" \/><\/div><\/li><li  class='avia-slideshow-slide av-b9itbj-c620a79cddcc6435172a9b9aca4d85de__4  slide-5 slide-odd'><div data-rel='slideshow-1' class='avia-slide-wrap '   ><img decoding=\"async\" fetchpriority=\"high\" class=\"wp-image-2559 avia-img-lazy-loading-not-2559\"  src=\"https:\/\/www.zum-kirchenbauer.de\/wp-content\/uploads\/zum-uebernachten2-1024x683-1.jpg\" width=\"1024\" height=\"683\" title='Zum Kirchenbauer' alt=''  itemprop=\"thumbnailUrl\" srcset=\"https:\/\/www.zum-kirchenbauer.de\/wp-content\/uploads\/zum-uebernachten2-1024x683-1.jpg 1024w, https:\/\/www.zum-kirchenbauer.de\/wp-content\/uploads\/zum-uebernachten2-1024x683-1-300x200.jpg 300w, https:\/\/www.zum-kirchenbauer.de\/wp-content\/uploads\/zum-uebernachten2-1024x683-1-768x512.jpg 768w, https:\/\/www.zum-kirchenbauer.de\/wp-content\/uploads\/zum-uebernachten2-1024x683-1-705x470.jpg 705w\" sizes=\"(max-width: 1024px) 100vw, 1024px\" \/><\/div><\/li><\/ul><div class='avia-slideshow-arrows avia-slideshow-controls' ><a href='#prev' class='prev-slide  avia-svg-icon avia-font-svg_entypo-fontello' data-av_svg_icon='left-open-big' data-av_iconset='svg_entypo-fontello' tabindex='-1' title=\"Previous\"><svg version=\"1.1\" xmlns=\"http:\/\/www.w3.org\/2000\/svg\" width=\"15\" height=\"32\" viewBox=\"0 0 15 32\" preserveAspectRatio=\"xMidYMid meet\" aria-labelledby='av-svg-title-1' aria-describedby='av-svg-desc-1' role=\"graphics-symbol\" aria-hidden=\"true\">\n<title id='av-svg-title-1'>Previous<\/title>\n<desc id='av-svg-desc-1'>Previous<\/desc>\n<path d=\"M14.464 27.84q0.832 0.832 0 1.536-0.832 0.832-1.536 0l-12.544-12.608q-0.768-0.768 0-1.6l12.544-12.608q0.704-0.832 1.536 0 0.832 0.704 0 1.536l-11.456 11.904z\"><\/path>\n<\/svg><span class='avia_hidden_link_text'>Previous<\/span><\/a><a href='#next' class='next-slide  avia-svg-icon avia-font-svg_entypo-fontello' data-av_svg_icon='right-open-big' data-av_iconset='svg_entypo-fontello' tabindex='-1' title=\"Next\"><svg version=\"1.1\" xmlns=\"http:\/\/www.w3.org\/2000\/svg\" width=\"15\" height=\"32\" viewBox=\"0 0 15 32\" preserveAspectRatio=\"xMidYMid meet\" aria-labelledby='av-svg-title-2' aria-describedby='av-svg-desc-2' role=\"graphics-symbol\" aria-hidden=\"true\">\n<title id='av-svg-title-2'>Next<\/title>\n<desc id='av-svg-desc-2'>Next<\/desc>\n<path d=\"M0.416 27.84l11.456-11.84-11.456-11.904q-0.832-0.832 0-1.536 0.832-0.832 1.536 0l12.544 12.608q0.768 0.832 0 1.6l-12.544 12.608q-0.704 0.832-1.536 0-0.832-0.704 0-1.536z\"><\/path>\n<\/svg><span class='avia_hidden_link_text'>Next<\/span><\/a><\/div><\/div><\/div>\n","protected":false},"excerpt":{"rendered":"","protected":false},"author":1,"featured_media":0,"parent":2278,"menu_order":0,"comment_status":"closed","ping_status":"closed","template":"","meta":{"footnotes":""},"class_list":["post-2287","page","type-page","status-publish","hentry"],"yoast_head":"<!-- This site is optimized with the Yoast SEO plugin v26.7 - https:\/\/yoast.com\/wordpress\/plugins\/seo\/ -->\n<title>Accommodation - Zum Kirchenbauer \u2014 Pension in Oberammergau<\/title>\n<meta name=\"description\" content=\"Pension Zum Kirchenbauer in Oberammergau \u2013 Ihr gem\u00fctlicher Ausgangspunkt zu Neuschwanstein, Linderhof, Wank, Schleifm\u00fchlklamm &amp; den sch\u00f6nsten Alpenzielen.\" \/>\n<meta name=\"robots\" content=\"index, follow, max-snippet:-1, max-image-preview:large, max-video-preview:-1\" \/>\n<link rel=\"canonical\" href=\"https:\/\/www.zum-kirchenbauer.de\/en\/home\/accommodation\/\" \/>\n<meta property=\"og:locale\" content=\"en_US\" \/>\n<meta property=\"og:type\" content=\"article\" \/>\n<meta property=\"og:title\" content=\"Accommodation - Zum Kirchenbauer \u2014 Pension in Oberammergau\" \/>\n<meta property=\"og:description\" content=\"Pension Zum Kirchenbauer in Oberammergau \u2013 Ihr gem\u00fctlicher Ausgangspunkt zu Neuschwanstein, Linderhof, Wank, Schleifm\u00fchlklamm &amp; den sch\u00f6nsten Alpenzielen.\" \/>\n<meta property=\"og:url\" content=\"https:\/\/www.zum-kirchenbauer.de\/en\/home\/accommodation\/\" \/>\n<meta property=\"og:site_name\" content=\"Zum Kirchenbauer\" \/>\n<meta property=\"article:modified_time\" content=\"2025-12-11T10:09:39+00:00\" \/>\n<meta property=\"og:image\" content=\"https:\/\/www.zum-kirchenbauer.de\/wp-content\/uploads\/home02.jpg\" \/>\n\t<meta property=\"og:image:width\" content=\"2200\" \/>\n\t<meta property=\"og:image:height\" content=\"1389\" \/>\n\t<meta property=\"og:image:type\" content=\"image\/jpeg\" \/>\n<meta name=\"twitter:card\" content=\"summary_large_image\" \/>\n<meta name=\"twitter:label1\" content=\"Est. reading time\" \/>\n\t<meta name=\"twitter:data1\" content=\"3 minutes\" \/>\n<script type=\"application\/ld+json\" class=\"yoast-schema-graph\">{\"@context\":\"https:\/\/schema.org\",\"@graph\":[{\"@type\":\"WebPage\",\"@id\":\"https:\/\/www.zum-kirchenbauer.de\/en\/home\/accommodation\/\",\"url\":\"https:\/\/www.zum-kirchenbauer.de\/en\/home\/accommodation\/\",\"name\":\"Accommodation - Zum Kirchenbauer \u2014 Pension in Oberammergau\",\"isPartOf\":{\"@id\":\"https:\/\/www.zum-kirchenbauer.de\/#website\"},\"datePublished\":\"2018-01-15T17:07:47+00:00\",\"dateModified\":\"2025-12-11T10:09:39+00:00\",\"description\":\"Pension Zum Kirchenbauer in Oberammergau \u2013 Ihr gem\u00fctlicher Ausgangspunkt zu Neuschwanstein, Linderhof, Wank, Schleifm\u00fchlklamm & den sch\u00f6nsten Alpenzielen.\",\"breadcrumb\":{\"@id\":\"https:\/\/www.zum-kirchenbauer.de\/en\/home\/accommodation\/#breadcrumb\"},\"inLanguage\":\"en-US\",\"potentialAction\":[{\"@type\":\"ReadAction\",\"target\":[\"https:\/\/www.zum-kirchenbauer.de\/en\/home\/accommodation\/\"]}]},{\"@type\":\"BreadcrumbList\",\"@id\":\"https:\/\/www.zum-kirchenbauer.de\/en\/home\/accommodation\/#breadcrumb\",\"itemListElement\":[{\"@type\":\"ListItem\",\"position\":1,\"name\":\"Startseite\",\"item\":\"https:\/\/www.zum-kirchenbauer.de\/en\/home\/\"},{\"@type\":\"ListItem\",\"position\":2,\"name\":\"Zum Kirchenbauer\",\"item\":\"https:\/\/www.zum-kirchenbauer.de\/en\/home\/\"},{\"@type\":\"ListItem\",\"position\":3,\"name\":\"Accommodation\"}]},{\"@type\":\"WebSite\",\"@id\":\"https:\/\/www.zum-kirchenbauer.de\/#website\",\"url\":\"https:\/\/www.zum-kirchenbauer.de\/\",\"name\":\"Pension Zum Kirchenbauer in Oberammergau\",\"description\":\"Das Besondere hat eine Geschichte.\",\"publisher\":{\"@id\":\"https:\/\/www.zum-kirchenbauer.de\/#organization\"},\"alternateName\":\"Zum Kirchenbauer\",\"potentialAction\":[{\"@type\":\"SearchAction\",\"target\":{\"@type\":\"EntryPoint\",\"urlTemplate\":\"https:\/\/www.zum-kirchenbauer.de\/?s={search_term_string}\"},\"query-input\":{\"@type\":\"PropertyValueSpecification\",\"valueRequired\":true,\"valueName\":\"search_term_string\"}}],\"inLanguage\":\"en-US\"},{\"@type\":\"Organization\",\"@id\":\"https:\/\/www.zum-kirchenbauer.de\/#organization\",\"name\":\"Zum Kirchenbauer\",\"url\":\"https:\/\/www.zum-kirchenbauer.de\/\",\"logo\":{\"@type\":\"ImageObject\",\"inLanguage\":\"en-US\",\"@id\":\"https:\/\/www.zum-kirchenbauer.de\/#\/schema\/logo\/image\/\",\"url\":\"https:\/\/www.zum-kirchenbauer.de\/wp-content\/uploads\/fav.png\",\"contentUrl\":\"https:\/\/www.zum-kirchenbauer.de\/wp-content\/uploads\/fav.png\",\"width\":600,\"height\":600,\"caption\":\"Zum Kirchenbauer\"},\"image\":{\"@id\":\"https:\/\/www.zum-kirchenbauer.de\/#\/schema\/logo\/image\/\"}}]}<\/script>\n<!-- \/ Yoast SEO plugin. -->","yoast_head_json":{"title":"Accommodation - Zum Kirchenbauer \u2014 Pension in Oberammergau","description":"Pension Zum Kirchenbauer in Oberammergau \u2013 Ihr gem\u00fctlicher Ausgangspunkt zu Neuschwanstein, Linderhof, Wank, Schleifm\u00fchlklamm & den sch\u00f6nsten Alpenzielen.","robots":{"index":"index","follow":"follow","max-snippet":"max-snippet:-1","max-image-preview":"max-image-preview:large","max-video-preview":"max-video-preview:-1"},"canonical":"https:\/\/www.zum-kirchenbauer.de\/en\/home\/accommodation\/","og_locale":"en_US","og_type":"article","og_title":"Accommodation - Zum Kirchenbauer \u2014 Pension in Oberammergau","og_description":"Pension Zum Kirchenbauer in Oberammergau \u2013 Ihr gem\u00fctlicher Ausgangspunkt zu Neuschwanstein, Linderhof, Wank, Schleifm\u00fchlklamm & den sch\u00f6nsten Alpenzielen.","og_url":"https:\/\/www.zum-kirchenbauer.de\/en\/home\/accommodation\/","og_site_name":"Zum Kirchenbauer","article_modified_time":"2025-12-11T10:09:39+00:00","og_image":[{"width":2200,"height":1389,"url":"https:\/\/www.zum-kirchenbauer.de\/wp-content\/uploads\/home02.jpg","type":"image\/jpeg"}],"twitter_card":"summary_large_image","twitter_misc":{"Est. reading time":"3 minutes"},"schema":{"@context":"https:\/\/schema.org","@graph":[{"@type":"WebPage","@id":"https:\/\/www.zum-kirchenbauer.de\/en\/home\/accommodation\/","url":"https:\/\/www.zum-kirchenbauer.de\/en\/home\/accommodation\/","name":"Accommodation - Zum Kirchenbauer \u2014 Pension in Oberammergau","isPartOf":{"@id":"https:\/\/www.zum-kirchenbauer.de\/#website"},"datePublished":"2018-01-15T17:07:47+00:00","dateModified":"2025-12-11T10:09:39+00:00","description":"Pension Zum Kirchenbauer in Oberammergau \u2013 Ihr gem\u00fctlicher Ausgangspunkt zu Neuschwanstein, Linderhof, Wank, Schleifm\u00fchlklamm & den sch\u00f6nsten Alpenzielen.","breadcrumb":{"@id":"https:\/\/www.zum-kirchenbauer.de\/en\/home\/accommodation\/#breadcrumb"},"inLanguage":"en-US","potentialAction":[{"@type":"ReadAction","target":["https:\/\/www.zum-kirchenbauer.de\/en\/home\/accommodation\/"]}]},{"@type":"BreadcrumbList","@id":"https:\/\/www.zum-kirchenbauer.de\/en\/home\/accommodation\/#breadcrumb","itemListElement":[{"@type":"ListItem","position":1,"name":"Startseite","item":"https:\/\/www.zum-kirchenbauer.de\/en\/home\/"},{"@type":"ListItem","position":2,"name":"Zum Kirchenbauer","item":"https:\/\/www.zum-kirchenbauer.de\/en\/home\/"},{"@type":"ListItem","position":3,"name":"Accommodation"}]},{"@type":"WebSite","@id":"https:\/\/www.zum-kirchenbauer.de\/#website","url":"https:\/\/www.zum-kirchenbauer.de\/","name":"Pension Zum Kirchenbauer in Oberammergau","description":"Das Besondere hat eine Geschichte.","publisher":{"@id":"https:\/\/www.zum-kirchenbauer.de\/#organization"},"alternateName":"Zum Kirchenbauer","potentialAction":[{"@type":"SearchAction","target":{"@type":"EntryPoint","urlTemplate":"https:\/\/www.zum-kirchenbauer.de\/?s={search_term_string}"},"query-input":{"@type":"PropertyValueSpecification","valueRequired":true,"valueName":"search_term_string"}}],"inLanguage":"en-US"},{"@type":"Organization","@id":"https:\/\/www.zum-kirchenbauer.de\/#organization","name":"Zum Kirchenbauer","url":"https:\/\/www.zum-kirchenbauer.de\/","logo":{"@type":"ImageObject","inLanguage":"en-US","@id":"https:\/\/www.zum-kirchenbauer.de\/#\/schema\/logo\/image\/","url":"https:\/\/www.zum-kirchenbauer.de\/wp-content\/uploads\/fav.png","contentUrl":"https:\/\/www.zum-kirchenbauer.de\/wp-content\/uploads\/fav.png","width":600,"height":600,"caption":"Zum Kirchenbauer"},"image":{"@id":"https:\/\/www.zum-kirchenbauer.de\/#\/schema\/logo\/image\/"}}]}},"_links":{"self":[{"href":"https:\/\/www.zum-kirchenbauer.de\/en\/wp-json\/wp\/v2\/pages\/2287","targetHints":{"allow":["GET"]}}],"collection":[{"href":"https:\/\/www.zum-kirchenbauer.de\/en\/wp-json\/wp\/v2\/pages"}],"about":[{"href":"https:\/\/www.zum-kirchenbauer.de\/en\/wp-json\/wp\/v2\/types\/page"}],"author":[{"embeddable":true,"href":"https:\/\/www.zum-kirchenbauer.de\/en\/wp-json\/wp\/v2\/users\/1"}],"replies":[{"embeddable":true,"href":"https:\/\/www.zum-kirchenbauer.de\/en\/wp-json\/wp\/v2\/comments?post=2287"}],"version-history":[{"count":5,"href":"https:\/\/www.zum-kirchenbauer.de\/en\/wp-json\/wp\/v2\/pages\/2287\/revisions"}],"predecessor-version":[{"id":2653,"href":"https:\/\/www.zum-kirchenbauer.de\/en\/wp-json\/wp\/v2\/pages\/2287\/revisions\/2653"}],"up":[{"embeddable":true,"href":"https:\/\/www.zum-kirchenbauer.de\/en\/wp-json\/wp\/v2\/pages\/2278"}],"wp:attachment":[{"href":"https:\/\/www.zum-kirchenbauer.de\/en\/wp-json\/wp\/v2\/media?parent=2287"}],"curies":[{"name":"wp","href":"https:\/\/api.w.org\/{rel}","templated":true}]}}