{"id":2288,"date":"2018-01-15T18:18:04","date_gmt":"2018-01-15T17:18:04","guid":{"rendered":"http:\/\/www.zum-kirchenbauer.de\/?page_id=2288"},"modified":"2025-11-27T09:17:19","modified_gmt":"2025-11-27T08:17:19","slug":"relaxation","status":"publish","type":"page","link":"https:\/\/www.zum-kirchenbauer.de\/en\/home\/relaxation\/","title":{"rendered":"Relaxation"},"content":{"rendered":"\n<style type=\"text\/css\" data-created_by=\"avia_inline_auto\" id=\"style-css-av-xxjj1s-2548252a36a1c351569e12b1f862b040\">\n.avia-section.av-xxjj1s-2548252a36a1c351569e12b1f862b040{\nbackground-repeat:no-repeat;\nbackground-image:url(https:\/\/www.zum-kirchenbauer.de\/wp-content\/uploads\/verweilen-1024x682-1.jpg);\nbackground-position:50% 50%;\nbackground-attachment:scroll;\n}\n<\/style>\n<div id='av_section_1'  class='avia-section av-xxjj1s-2548252a36a1c351569e12b1f862b040 main_color avia-section-default avia-no-border-styling  avia-builder-el-0  el_before_av_section  avia-builder-el-first  avia-full-stretch avia-bg-style-scroll av-minimum-height av-minimum-height-50 av-height-percent  container_wrap fullsize'  data-section-bg-repeat='stretch' data-av_minimum_height_pc='50' data-av_min_height_opt='percent'><div class='container av-section-cont-open' ><main  role=\"main\" itemprop=\"mainContentOfPage\"  class='template-page content  av-content-full alpha units'><div class='post-entry post-entry-type-page post-entry-2288'><div class='entry-content-wrapper clearfix'>\n\n<style type=\"text\/css\" data-created_by=\"avia_inline_auto\" id=\"style-css-av-vwzn9s-787813ca2243b425e75de9a6483c1f45\">\n#top .av-special-heading.av-vwzn9s-787813ca2243b425e75de9a6483c1f45{\npadding-bottom:10px;\ncolor:#ffffff;\nfont-size:60px;\n}\nbody .av-special-heading.av-vwzn9s-787813ca2243b425e75de9a6483c1f45 .av-special-heading-tag .heading-char{\nfont-size:25px;\n}\n#top #wrap_all .av-special-heading.av-vwzn9s-787813ca2243b425e75de9a6483c1f45 .av-special-heading-tag{\nfont-size:60px;\n}\n.av-special-heading.av-vwzn9s-787813ca2243b425e75de9a6483c1f45 .special-heading-inner-border{\nborder-color:#ffffff;\n}\n.av-special-heading.av-vwzn9s-787813ca2243b425e75de9a6483c1f45 .av-subheading{\nfont-size:15px;\n}\n\n@media only screen and (min-width: 480px) and (max-width: 767px){ \n#top #wrap_all .av-special-heading.av-vwzn9s-787813ca2243b425e75de9a6483c1f45 .av-special-heading-tag{\nfont-size:0.8em;\n}\n}\n\n@media only screen and (max-width: 479px){ \n#top #wrap_all .av-special-heading.av-vwzn9s-787813ca2243b425e75de9a6483c1f45 .av-special-heading-tag{\nfont-size:0.8em;\n}\n}\n<\/style>\n<div  class='av-special-heading av-vwzn9s-787813ca2243b425e75de9a6483c1f45 av-special-heading-h1 custom-color-heading blockquote modern-quote modern-centered  avia-builder-el-1  avia-builder-el-no-sibling  av-inherit-size'><h1 class='av-special-heading-tag '  itemprop=\"headline\"  >RELAXATION<\/h1><div class=\"special-heading-border\"><div class=\"special-heading-inner-border\"><\/div><\/div><\/div>\n<\/div><\/div><\/main><!-- close content main element --><\/div><\/div><div id='av_section_2'  class='avia-section av-ufz7kg-7d38dd3b5a17b5cc9e200aa313749e60 main_color avia-section-large avia-no-border-styling  avia-builder-el-2  el_after_av_section  el_before_av_slideshow_full  avia-bg-style-scroll container_wrap fullsize'  ><div class='container av-section-cont-open' ><div class='template-page content  av-content-full alpha units'><div class='post-entry post-entry-type-page post-entry-2288'><div class='entry-content-wrapper clearfix'>\n<div  class='flex_column av-sy61ww-f053344a9884cf8fd0f0af1d6cb1e953 av_one_fifth  avia-builder-el-3  el_before_av_three_fifth  avia-builder-el-first  first flex_column_div  '     ><\/div><div  class='flex_column av-qmr0cg-db60b0b767fb39f7dad2561c98a57bfc av_three_fifth  avia-builder-el-4  el_after_av_one_fifth  el_before_av_one_fifth  flex_column_div  '     ><p>\n<style type=\"text\/css\" data-created_by=\"avia_inline_auto\" id=\"style-css-av-qcikgg-006b6058b54488616d36f21c8ba0d160\">\n#top .av-special-heading.av-qcikgg-006b6058b54488616d36f21c8ba0d160{\npadding-bottom:10px;\n}\nbody .av-special-heading.av-qcikgg-006b6058b54488616d36f21c8ba0d160 .av-special-heading-tag .heading-char{\nfont-size:25px;\n}\n.av-special-heading.av-qcikgg-006b6058b54488616d36f21c8ba0d160 .av-subheading{\nfont-size:15px;\n}\n<\/style>\n<div  class='av-special-heading av-qcikgg-006b6058b54488616d36f21c8ba0d160 av-special-heading-h1 blockquote modern-quote modern-centered  avia-builder-el-5  el_before_av_hr  avia-builder-el-first '><h1 class='av-special-heading-tag '  itemprop=\"headline\"  >To relax<\/h1><div class=\"special-heading-border\"><div class=\"special-heading-inner-border\"><\/div><\/div><\/div><br \/>\n\n<style type=\"text\/css\" data-created_by=\"avia_inline_auto\" id=\"style-css-av-nytncw-7279c4bd4cc89c5dbc22c0be6a42c9de\">\n#top .hr.av-nytncw-7279c4bd4cc89c5dbc22c0be6a42c9de{\nmargin-top:30px;\nmargin-bottom:30px;\n}\n.hr.av-nytncw-7279c4bd4cc89c5dbc22c0be6a42c9de .hr-inner{\nwidth:100px;\nborder-color:#000000;\n}\n<\/style>\n<div  class='hr av-nytncw-7279c4bd4cc89c5dbc22c0be6a42c9de hr-custom  avia-builder-el-6  el_after_av_heading  el_before_av_textblock  hr-center hr-icon-no'><span class='hr-inner inner-border-av-border-fat'><span class=\"hr-inner-style\"><\/span><\/span><\/div><br \/>\n<section  class='av_textblock_section av-m5itq8-ed50215eb657fec3edec3bee6bc0927b '   itemscope=\"itemscope\" itemtype=\"https:\/\/schema.org\/CreativeWork\" ><div class='avia_textblock'  itemprop=\"text\" ><p><strong>Pour forth noble wine!<\/strong><\/p>\n<p>The \u00bbKirchenbauer\u00ab in Oberammergau is a place to relax and enjoy yourself. Visitors come to the \u00bbKirchenbauer\u00ab for different reasons, to enjoy a glass of wine or to stay for a night or two because the \u00bbKirchenbauer\u00ab is a wine tavern (with wine store) and a pension in one. The most spectacular thing about the \u00bbKirchenbauer\u00ab is that there is nothing spectacular; apart from excellent German wines at a very fair price in a very beautiful place, of course.<\/p>\n<p>You can sit in front of the old, opulently painted house on the attractive terrace \u2013 which is actually a little garden \u2013 or in the quaint wine tavern. And take in the view of either your glass or the beautiful village church of Oberammergau. Your host is Andreas Ruppenthal. He has worked in well-known establishments as a sommelier and is well versed in fine wines. His passions lie in German wines, the \u00bbKirchenbauer\u00ab and his guests.<\/p>\n<\/div><\/section><br \/>\n\n<style type=\"text\/css\" data-created_by=\"avia_inline_auto\" id=\"style-css-av-l5stfk-0529610435bd79fbdda5c13550f52025\">\n#top .hr.av-l5stfk-0529610435bd79fbdda5c13550f52025{\nmargin-top:30px;\nmargin-bottom:30px;\n}\n.hr.av-l5stfk-0529610435bd79fbdda5c13550f52025 .hr-inner{\nwidth:100px;\nborder-color:#000000;\n}\n<\/style>\n<div  class='hr av-l5stfk-0529610435bd79fbdda5c13550f52025 hr-custom  avia-builder-el-8  el_after_av_textblock  el_before_av_heading  hr-center hr-icon-no'><span class='hr-inner inner-border-av-border-fat'><span class=\"hr-inner-style\"><\/span><\/span><\/div><br \/>\n\n<style type=\"text\/css\" data-created_by=\"avia_inline_auto\" id=\"style-css-av-jjhu5s-fc4a6b25ddd66d9df895f4a7f485ea77\">\n#top .av-special-heading.av-jjhu5s-fc4a6b25ddd66d9df895f4a7f485ea77{\npadding-bottom:10px;\n}\nbody .av-special-heading.av-jjhu5s-fc4a6b25ddd66d9df895f4a7f485ea77 .av-special-heading-tag .heading-char{\nfont-size:25px;\n}\n.av-special-heading.av-jjhu5s-fc4a6b25ddd66d9df895f4a7f485ea77 .av-subheading{\nfont-size:15px;\n}\n<\/style>\n<div  class='av-special-heading av-jjhu5s-fc4a6b25ddd66d9df895f4a7f485ea77 av-special-heading-h3 blockquote modern-quote modern-centered  avia-builder-el-9  el_after_av_hr  el_before_av_hr '><h3 class='av-special-heading-tag '  itemprop=\"headline\"  >Give us a visit sometime.<\/h3><div class=\"special-heading-border\"><div class=\"special-heading-inner-border\"><\/div><\/div><\/div><br \/>\n\n<style type=\"text\/css\" data-created_by=\"avia_inline_auto\" id=\"style-css-av-h7cuy8-115d0d5465c1869c10fef710881396f9\">\n#top .hr.av-h7cuy8-115d0d5465c1869c10fef710881396f9{\nmargin-top:30px;\nmargin-bottom:30px;\n}\n.hr.av-h7cuy8-115d0d5465c1869c10fef710881396f9 .hr-inner{\nwidth:100px;\nborder-color:#000000;\n}\n<\/style>\n<div  class='hr av-h7cuy8-115d0d5465c1869c10fef710881396f9 hr-custom  avia-builder-el-10  el_after_av_heading  avia-builder-el-last  hr-center hr-icon-no'><span class='hr-inner inner-border-av-border-fat'><span class=\"hr-inner-style\"><\/span><\/span><\/div><\/p><\/div><div  class='flex_column av-fa7sgw-41dc7680607f1229866ba3be97ac7c91 av_one_fifth  avia-builder-el-11  el_after_av_three_fifth  avia-builder-el-last  flex_column_div  '     ><\/div><\/div><\/div><\/div><!-- close content main div --><\/div><\/div><div id='full_slider_1'  class='avia-fullwidth-slider main_color avia-shadow   avia-builder-el-12  el_after_av_section  avia-builder-el-last   slider-not-first container_wrap fullsize'  ><div  class='avia-slideshow av-dkaa4g-9bd499cd9a8cc1301abe31e0b2048403 avia-slideshow-no scaling av_slideshow_full avia-slide-slider av-slideshow-ui av-control-minimal av-control-minimal-dark av-no-slider-navigation av-slideshow-manual av-loop-once av-loop-manual-endless av-default-height-applied   avia-slideshow-1' data-slideshow-options=\"{&quot;animation&quot;:&quot;slide&quot;,&quot;autoplay&quot;:false,&quot;loop_autoplay&quot;:&quot;once&quot;,&quot;interval&quot;:5,&quot;loop_manual&quot;:&quot;manual-endless&quot;,&quot;autoplay_stopper&quot;:false,&quot;noNavigation&quot;:false,&quot;bg_slider&quot;:false,&quot;keep_padding&quot;:false,&quot;hoverpause&quot;:false,&quot;show_slide_delay&quot;:0}\"  itemprop=\"image\" itemscope=\"itemscope\" itemtype=\"https:\/\/schema.org\/ImageObject\" ><ul class='avia-slideshow-inner ' style='padding-bottom: 66.6015625%;'><li  class='avia-slideshow-slide av-dkaa4g-9bd499cd9a8cc1301abe31e0b2048403__0  slide-1 slide-odd'><div data-rel='slideshow-1' class='avia-slide-wrap '   ><img decoding=\"async\" fetchpriority=\"high\" class=\"wp-image-2560 avia-img-lazy-loading-not-2560\"  src=\"https:\/\/www.zum-kirchenbauer.de\/wp-content\/uploads\/IMG_4913-1024x682-2.jpg\" width=\"1024\" height=\"682\" title='Zum Kirchenbauer' alt=''  itemprop=\"thumbnailUrl\" srcset=\"https:\/\/www.zum-kirchenbauer.de\/wp-content\/uploads\/IMG_4913-1024x682-2.jpg 1024w, https:\/\/www.zum-kirchenbauer.de\/wp-content\/uploads\/IMG_4913-1024x682-2-300x200.jpg 300w, https:\/\/www.zum-kirchenbauer.de\/wp-content\/uploads\/IMG_4913-1024x682-2-768x512.jpg 768w, https:\/\/www.zum-kirchenbauer.de\/wp-content\/uploads\/IMG_4913-1024x682-2-705x470.jpg 705w\" sizes=\"(max-width: 1024px) 100vw, 1024px\" \/><\/div><\/li><li  class='avia-slideshow-slide av-dkaa4g-9bd499cd9a8cc1301abe31e0b2048403__1  slide-2 slide-even'><div data-rel='slideshow-1' class='avia-slide-wrap '   ><img decoding=\"async\" fetchpriority=\"high\" class=\"wp-image-2561 avia-img-lazy-loading-not-2561\"  src=\"https:\/\/www.zum-kirchenbauer.de\/wp-content\/uploads\/IMG_4935-1024x682-1.jpg\" width=\"1024\" height=\"682\" title='Zum Kirchenbauer' alt=''  itemprop=\"thumbnailUrl\" srcset=\"https:\/\/www.zum-kirchenbauer.de\/wp-content\/uploads\/IMG_4935-1024x682-1.jpg 1024w, https:\/\/www.zum-kirchenbauer.de\/wp-content\/uploads\/IMG_4935-1024x682-1-300x200.jpg 300w, https:\/\/www.zum-kirchenbauer.de\/wp-content\/uploads\/IMG_4935-1024x682-1-768x512.jpg 768w, https:\/\/www.zum-kirchenbauer.de\/wp-content\/uploads\/IMG_4935-1024x682-1-705x470.jpg 705w\" sizes=\"(max-width: 1024px) 100vw, 1024px\" \/><\/div><\/li><li  class='avia-slideshow-slide av-dkaa4g-9bd499cd9a8cc1301abe31e0b2048403__2  slide-3 slide-odd'><div data-rel='slideshow-1' class='avia-slide-wrap '   ><img decoding=\"async\" fetchpriority=\"high\" class=\"wp-image-2562 avia-img-lazy-loading-not-2562\"  src=\"https:\/\/www.zum-kirchenbauer.de\/wp-content\/uploads\/IMG_4974-1024x682-1.jpg\" width=\"1024\" height=\"682\" title='Zum Kirchenbauer' alt=''  itemprop=\"thumbnailUrl\" srcset=\"https:\/\/www.zum-kirchenbauer.de\/wp-content\/uploads\/IMG_4974-1024x682-1.jpg 1024w, https:\/\/www.zum-kirchenbauer.de\/wp-content\/uploads\/IMG_4974-1024x682-1-300x200.jpg 300w, https:\/\/www.zum-kirchenbauer.de\/wp-content\/uploads\/IMG_4974-1024x682-1-768x512.jpg 768w, https:\/\/www.zum-kirchenbauer.de\/wp-content\/uploads\/IMG_4974-1024x682-1-705x470.jpg 705w\" sizes=\"(max-width: 1024px) 100vw, 1024px\" \/><\/div><\/li><li  class='avia-slideshow-slide av-dkaa4g-9bd499cd9a8cc1301abe31e0b2048403__3  slide-4 slide-even'><div data-rel='slideshow-1' class='avia-slide-wrap '   ><img decoding=\"async\" fetchpriority=\"high\" class=\"wp-image-2563 avia-img-lazy-loading-not-2563\"  src=\"https:\/\/www.zum-kirchenbauer.de\/wp-content\/uploads\/IMG_5249-1024x682-1.jpg\" width=\"1024\" height=\"682\" title='Zum Kirchenbauer' alt=''  itemprop=\"thumbnailUrl\" srcset=\"https:\/\/www.zum-kirchenbauer.de\/wp-content\/uploads\/IMG_5249-1024x682-1.jpg 1024w, https:\/\/www.zum-kirchenbauer.de\/wp-content\/uploads\/IMG_5249-1024x682-1-300x200.jpg 300w, https:\/\/www.zum-kirchenbauer.de\/wp-content\/uploads\/IMG_5249-1024x682-1-768x512.jpg 768w, https:\/\/www.zum-kirchenbauer.de\/wp-content\/uploads\/IMG_5249-1024x682-1-705x470.jpg 705w\" sizes=\"(max-width: 1024px) 100vw, 1024px\" \/><\/div><\/li><li  class='avia-slideshow-slide av-dkaa4g-9bd499cd9a8cc1301abe31e0b2048403__4  slide-5 slide-odd'><div data-rel='slideshow-1' class='avia-slide-wrap '   ><img decoding=\"async\" fetchpriority=\"high\" class=\"wp-image-2564 avia-img-lazy-loading-not-2564\"  src=\"https:\/\/www.zum-kirchenbauer.de\/wp-content\/uploads\/IMG_5256-1024x682-1.jpg\" width=\"1024\" height=\"682\" title='Zum Kirchenbauer' alt=''  itemprop=\"thumbnailUrl\" srcset=\"https:\/\/www.zum-kirchenbauer.de\/wp-content\/uploads\/IMG_5256-1024x682-1.jpg 1024w, https:\/\/www.zum-kirchenbauer.de\/wp-content\/uploads\/IMG_5256-1024x682-1-300x200.jpg 300w, https:\/\/www.zum-kirchenbauer.de\/wp-content\/uploads\/IMG_5256-1024x682-1-768x512.jpg 768w, https:\/\/www.zum-kirchenbauer.de\/wp-content\/uploads\/IMG_5256-1024x682-1-705x470.jpg 705w\" sizes=\"(max-width: 1024px) 100vw, 1024px\" \/><\/div><\/li><li  class='avia-slideshow-slide av-dkaa4g-9bd499cd9a8cc1301abe31e0b2048403__5  slide-6 slide-even'><div data-rel='slideshow-1' class='avia-slide-wrap '   ><img decoding=\"async\" fetchpriority=\"high\" class=\"wp-image-2567 avia-img-lazy-loading-not-2567\"  src=\"https:\/\/www.zum-kirchenbauer.de\/wp-content\/uploads\/IMG_4859-1024x682-1.jpg\" width=\"1024\" height=\"682\" title='Zum Kirchenbauer' alt=''  itemprop=\"thumbnailUrl\" srcset=\"https:\/\/www.zum-kirchenbauer.de\/wp-content\/uploads\/IMG_4859-1024x682-1.jpg 1024w, https:\/\/www.zum-kirchenbauer.de\/wp-content\/uploads\/IMG_4859-1024x682-1-300x200.jpg 300w, https:\/\/www.zum-kirchenbauer.de\/wp-content\/uploads\/IMG_4859-1024x682-1-768x512.jpg 768w, https:\/\/www.zum-kirchenbauer.de\/wp-content\/uploads\/IMG_4859-1024x682-1-705x470.jpg 705w\" sizes=\"(max-width: 1024px) 100vw, 1024px\" \/><\/div><\/li><li  class='avia-slideshow-slide av-dkaa4g-9bd499cd9a8cc1301abe31e0b2048403__6  slide-7 slide-odd'><div data-rel='slideshow-1' class='avia-slide-wrap '   ><img decoding=\"async\" fetchpriority=\"high\" class=\"wp-image-2565 avia-img-lazy-loading-not-2565\"  src=\"https:\/\/www.zum-kirchenbauer.de\/wp-content\/uploads\/IMG_5265-1024x682-1.jpg\" width=\"1024\" height=\"682\" title='Zum Kirchenbauer' alt=''  itemprop=\"thumbnailUrl\" srcset=\"https:\/\/www.zum-kirchenbauer.de\/wp-content\/uploads\/IMG_5265-1024x682-1.jpg 1024w, https:\/\/www.zum-kirchenbauer.de\/wp-content\/uploads\/IMG_5265-1024x682-1-300x200.jpg 300w, https:\/\/www.zum-kirchenbauer.de\/wp-content\/uploads\/IMG_5265-1024x682-1-768x512.jpg 768w, https:\/\/www.zum-kirchenbauer.de\/wp-content\/uploads\/IMG_5265-1024x682-1-705x470.jpg 705w\" sizes=\"(max-width: 1024px) 100vw, 1024px\" \/><\/div><\/li><\/ul><div class='avia-slideshow-arrows avia-slideshow-controls' ><a href='#prev' class='prev-slide  avia-svg-icon avia-font-svg_entypo-fontello' data-av_svg_icon='left-open-big' data-av_iconset='svg_entypo-fontello' tabindex='-1' title=\"Previous\"><svg version=\"1.1\" xmlns=\"http:\/\/www.w3.org\/2000\/svg\" width=\"15\" height=\"32\" viewBox=\"0 0 15 32\" preserveAspectRatio=\"xMidYMid meet\" aria-labelledby='av-svg-title-1' aria-describedby='av-svg-desc-1' role=\"graphics-symbol\" aria-hidden=\"true\">\n<title id='av-svg-title-1'>Previous<\/title>\n<desc id='av-svg-desc-1'>Previous<\/desc>\n<path d=\"M14.464 27.84q0.832 0.832 0 1.536-0.832 0.832-1.536 0l-12.544-12.608q-0.768-0.768 0-1.6l12.544-12.608q0.704-0.832 1.536 0 0.832 0.704 0 1.536l-11.456 11.904z\"><\/path>\n<\/svg><span class='avia_hidden_link_text'>Previous<\/span><\/a><a href='#next' class='next-slide  avia-svg-icon avia-font-svg_entypo-fontello' data-av_svg_icon='right-open-big' data-av_iconset='svg_entypo-fontello' tabindex='-1' title=\"Next\"><svg version=\"1.1\" xmlns=\"http:\/\/www.w3.org\/2000\/svg\" width=\"15\" height=\"32\" viewBox=\"0 0 15 32\" preserveAspectRatio=\"xMidYMid meet\" aria-labelledby='av-svg-title-2' aria-describedby='av-svg-desc-2' role=\"graphics-symbol\" aria-hidden=\"true\">\n<title id='av-svg-title-2'>Next<\/title>\n<desc id='av-svg-desc-2'>Next<\/desc>\n<path d=\"M0.416 27.84l11.456-11.84-11.456-11.904q-0.832-0.832 0-1.536 0.832-0.832 1.536 0l12.544 12.608q0.768 0.832 0 1.6l-12.544 12.608q-0.704 0.832-1.536 0-0.832-0.704 0-1.536z\"><\/path>\n<\/svg><span class='avia_hidden_link_text'>Next<\/span><\/a><\/div><\/div><\/div><\/p>\n","protected":false},"excerpt":{"rendered":"","protected":false},"author":1,"featured_media":0,"parent":2278,"menu_order":0,"comment_status":"closed","ping_status":"closed","template":"","meta":{"footnotes":""},"class_list":["post-2288","page","type-page","status-publish","hentry"],"yoast_head":"<!-- This site is optimized with the Yoast SEO plugin v26.7 - https:\/\/yoast.com\/wordpress\/plugins\/seo\/ -->\n<title>Relaxation - Zum Kirchenbauer \u2014 Pension in Oberammergau<\/title>\n<meta name=\"description\" content=\"Pension Zum Kirchenbauer in Oberammergau \u2013 Ihr gem\u00fctlicher Ausgangspunkt zu Neuschwanstein, Linderhof, Wank, Schleifm\u00fchlklamm &amp; den sch\u00f6nsten Alpenzielen.\" \/>\n<meta name=\"robots\" content=\"index, follow, max-snippet:-1, max-image-preview:large, max-video-preview:-1\" \/>\n<link rel=\"canonical\" href=\"https:\/\/www.zum-kirchenbauer.de\/en\/home\/relaxation\/\" \/>\n<meta property=\"og:locale\" content=\"en_US\" \/>\n<meta property=\"og:type\" content=\"article\" \/>\n<meta property=\"og:title\" content=\"Relaxation - Zum Kirchenbauer \u2014 Pension in Oberammergau\" \/>\n<meta property=\"og:description\" content=\"Pension Zum Kirchenbauer in Oberammergau \u2013 Ihr gem\u00fctlicher Ausgangspunkt zu Neuschwanstein, Linderhof, Wank, Schleifm\u00fchlklamm &amp; den sch\u00f6nsten Alpenzielen.\" \/>\n<meta property=\"og:url\" content=\"https:\/\/www.zum-kirchenbauer.de\/en\/home\/relaxation\/\" \/>\n<meta property=\"og:site_name\" content=\"Zum Kirchenbauer\" \/>\n<meta property=\"article:modified_time\" content=\"2025-11-27T08:17:19+00:00\" \/>\n<meta property=\"og:image\" content=\"https:\/\/www.zum-kirchenbauer.de\/wp-content\/uploads\/home02.jpg\" \/>\n\t<meta property=\"og:image:width\" content=\"2200\" \/>\n\t<meta property=\"og:image:height\" content=\"1389\" \/>\n\t<meta property=\"og:image:type\" content=\"image\/jpeg\" \/>\n<meta name=\"twitter:card\" content=\"summary_large_image\" \/>\n<meta name=\"twitter:label1\" content=\"Est. reading time\" \/>\n\t<meta name=\"twitter:data1\" content=\"3 minutes\" \/>\n<script type=\"application\/ld+json\" class=\"yoast-schema-graph\">{\"@context\":\"https:\/\/schema.org\",\"@graph\":[{\"@type\":\"WebPage\",\"@id\":\"https:\/\/www.zum-kirchenbauer.de\/en\/home\/relaxation\/\",\"url\":\"https:\/\/www.zum-kirchenbauer.de\/en\/home\/relaxation\/\",\"name\":\"Relaxation - Zum Kirchenbauer \u2014 Pension in Oberammergau\",\"isPartOf\":{\"@id\":\"https:\/\/www.zum-kirchenbauer.de\/#website\"},\"datePublished\":\"2018-01-15T17:18:04+00:00\",\"dateModified\":\"2025-11-27T08:17:19+00:00\",\"description\":\"Pension Zum Kirchenbauer in Oberammergau \u2013 Ihr gem\u00fctlicher Ausgangspunkt zu Neuschwanstein, Linderhof, Wank, Schleifm\u00fchlklamm & den sch\u00f6nsten Alpenzielen.\",\"breadcrumb\":{\"@id\":\"https:\/\/www.zum-kirchenbauer.de\/en\/home\/relaxation\/#breadcrumb\"},\"inLanguage\":\"en-US\",\"potentialAction\":[{\"@type\":\"ReadAction\",\"target\":[\"https:\/\/www.zum-kirchenbauer.de\/en\/home\/relaxation\/\"]}]},{\"@type\":\"BreadcrumbList\",\"@id\":\"https:\/\/www.zum-kirchenbauer.de\/en\/home\/relaxation\/#breadcrumb\",\"itemListElement\":[{\"@type\":\"ListItem\",\"position\":1,\"name\":\"Startseite\",\"item\":\"https:\/\/www.zum-kirchenbauer.de\/en\/home\/\"},{\"@type\":\"ListItem\",\"position\":2,\"name\":\"Zum Kirchenbauer\",\"item\":\"https:\/\/www.zum-kirchenbauer.de\/en\/home\/\"},{\"@type\":\"ListItem\",\"position\":3,\"name\":\"Relaxation\"}]},{\"@type\":\"WebSite\",\"@id\":\"https:\/\/www.zum-kirchenbauer.de\/#website\",\"url\":\"https:\/\/www.zum-kirchenbauer.de\/\",\"name\":\"Pension Zum Kirchenbauer in Oberammergau\",\"description\":\"Das Besondere hat eine Geschichte.\",\"publisher\":{\"@id\":\"https:\/\/www.zum-kirchenbauer.de\/#organization\"},\"alternateName\":\"Zum Kirchenbauer\",\"potentialAction\":[{\"@type\":\"SearchAction\",\"target\":{\"@type\":\"EntryPoint\",\"urlTemplate\":\"https:\/\/www.zum-kirchenbauer.de\/?s={search_term_string}\"},\"query-input\":{\"@type\":\"PropertyValueSpecification\",\"valueRequired\":true,\"valueName\":\"search_term_string\"}}],\"inLanguage\":\"en-US\"},{\"@type\":\"Organization\",\"@id\":\"https:\/\/www.zum-kirchenbauer.de\/#organization\",\"name\":\"Zum Kirchenbauer\",\"url\":\"https:\/\/www.zum-kirchenbauer.de\/\",\"logo\":{\"@type\":\"ImageObject\",\"inLanguage\":\"en-US\",\"@id\":\"https:\/\/www.zum-kirchenbauer.de\/#\/schema\/logo\/image\/\",\"url\":\"https:\/\/www.zum-kirchenbauer.de\/wp-content\/uploads\/fav.png\",\"contentUrl\":\"https:\/\/www.zum-kirchenbauer.de\/wp-content\/uploads\/fav.png\",\"width\":600,\"height\":600,\"caption\":\"Zum Kirchenbauer\"},\"image\":{\"@id\":\"https:\/\/www.zum-kirchenbauer.de\/#\/schema\/logo\/image\/\"}}]}<\/script>\n<!-- \/ Yoast SEO plugin. -->","yoast_head_json":{"title":"Relaxation - Zum Kirchenbauer \u2014 Pension in Oberammergau","description":"Pension Zum Kirchenbauer in Oberammergau \u2013 Ihr gem\u00fctlicher Ausgangspunkt zu Neuschwanstein, Linderhof, Wank, Schleifm\u00fchlklamm & den sch\u00f6nsten Alpenzielen.","robots":{"index":"index","follow":"follow","max-snippet":"max-snippet:-1","max-image-preview":"max-image-preview:large","max-video-preview":"max-video-preview:-1"},"canonical":"https:\/\/www.zum-kirchenbauer.de\/en\/home\/relaxation\/","og_locale":"en_US","og_type":"article","og_title":"Relaxation - Zum Kirchenbauer \u2014 Pension in Oberammergau","og_description":"Pension Zum Kirchenbauer in Oberammergau \u2013 Ihr gem\u00fctlicher Ausgangspunkt zu Neuschwanstein, Linderhof, Wank, Schleifm\u00fchlklamm & den sch\u00f6nsten Alpenzielen.","og_url":"https:\/\/www.zum-kirchenbauer.de\/en\/home\/relaxation\/","og_site_name":"Zum Kirchenbauer","article_modified_time":"2025-11-27T08:17:19+00:00","og_image":[{"width":2200,"height":1389,"url":"https:\/\/www.zum-kirchenbauer.de\/wp-content\/uploads\/home02.jpg","type":"image\/jpeg"}],"twitter_card":"summary_large_image","twitter_misc":{"Est. reading time":"3 minutes"},"schema":{"@context":"https:\/\/schema.org","@graph":[{"@type":"WebPage","@id":"https:\/\/www.zum-kirchenbauer.de\/en\/home\/relaxation\/","url":"https:\/\/www.zum-kirchenbauer.de\/en\/home\/relaxation\/","name":"Relaxation - Zum Kirchenbauer \u2014 Pension in Oberammergau","isPartOf":{"@id":"https:\/\/www.zum-kirchenbauer.de\/#website"},"datePublished":"2018-01-15T17:18:04+00:00","dateModified":"2025-11-27T08:17:19+00:00","description":"Pension Zum Kirchenbauer in Oberammergau \u2013 Ihr gem\u00fctlicher Ausgangspunkt zu Neuschwanstein, Linderhof, Wank, Schleifm\u00fchlklamm & den sch\u00f6nsten Alpenzielen.","breadcrumb":{"@id":"https:\/\/www.zum-kirchenbauer.de\/en\/home\/relaxation\/#breadcrumb"},"inLanguage":"en-US","potentialAction":[{"@type":"ReadAction","target":["https:\/\/www.zum-kirchenbauer.de\/en\/home\/relaxation\/"]}]},{"@type":"BreadcrumbList","@id":"https:\/\/www.zum-kirchenbauer.de\/en\/home\/relaxation\/#breadcrumb","itemListElement":[{"@type":"ListItem","position":1,"name":"Startseite","item":"https:\/\/www.zum-kirchenbauer.de\/en\/home\/"},{"@type":"ListItem","position":2,"name":"Zum Kirchenbauer","item":"https:\/\/www.zum-kirchenbauer.de\/en\/home\/"},{"@type":"ListItem","position":3,"name":"Relaxation"}]},{"@type":"WebSite","@id":"https:\/\/www.zum-kirchenbauer.de\/#website","url":"https:\/\/www.zum-kirchenbauer.de\/","name":"Pension Zum Kirchenbauer in Oberammergau","description":"Das Besondere hat eine Geschichte.","publisher":{"@id":"https:\/\/www.zum-kirchenbauer.de\/#organization"},"alternateName":"Zum Kirchenbauer","potentialAction":[{"@type":"SearchAction","target":{"@type":"EntryPoint","urlTemplate":"https:\/\/www.zum-kirchenbauer.de\/?s={search_term_string}"},"query-input":{"@type":"PropertyValueSpecification","valueRequired":true,"valueName":"search_term_string"}}],"inLanguage":"en-US"},{"@type":"Organization","@id":"https:\/\/www.zum-kirchenbauer.de\/#organization","name":"Zum Kirchenbauer","url":"https:\/\/www.zum-kirchenbauer.de\/","logo":{"@type":"ImageObject","inLanguage":"en-US","@id":"https:\/\/www.zum-kirchenbauer.de\/#\/schema\/logo\/image\/","url":"https:\/\/www.zum-kirchenbauer.de\/wp-content\/uploads\/fav.png","contentUrl":"https:\/\/www.zum-kirchenbauer.de\/wp-content\/uploads\/fav.png","width":600,"height":600,"caption":"Zum Kirchenbauer"},"image":{"@id":"https:\/\/www.zum-kirchenbauer.de\/#\/schema\/logo\/image\/"}}]}},"_links":{"self":[{"href":"https:\/\/www.zum-kirchenbauer.de\/en\/wp-json\/wp\/v2\/pages\/2288","targetHints":{"allow":["GET"]}}],"collection":[{"href":"https:\/\/www.zum-kirchenbauer.de\/en\/wp-json\/wp\/v2\/pages"}],"about":[{"href":"https:\/\/www.zum-kirchenbauer.de\/en\/wp-json\/wp\/v2\/types\/page"}],"author":[{"embeddable":true,"href":"https:\/\/www.zum-kirchenbauer.de\/en\/wp-json\/wp\/v2\/users\/1"}],"replies":[{"embeddable":true,"href":"https:\/\/www.zum-kirchenbauer.de\/en\/wp-json\/wp\/v2\/comments?post=2288"}],"version-history":[{"count":4,"href":"https:\/\/www.zum-kirchenbauer.de\/en\/wp-json\/wp\/v2\/pages\/2288\/revisions"}],"predecessor-version":[{"id":2615,"href":"https:\/\/www.zum-kirchenbauer.de\/en\/wp-json\/wp\/v2\/pages\/2288\/revisions\/2615"}],"up":[{"embeddable":true,"href":"https:\/\/www.zum-kirchenbauer.de\/en\/wp-json\/wp\/v2\/pages\/2278"}],"wp:attachment":[{"href":"https:\/\/www.zum-kirchenbauer.de\/en\/wp-json\/wp\/v2\/media?parent=2288"}],"curies":[{"name":"wp","href":"https:\/\/api.w.org\/{rel}","templated":true}]}}