{"id":2289,"date":"2018-01-15T18:10:39","date_gmt":"2018-01-15T17:10:39","guid":{"rendered":"http:\/\/www.zum-kirchenbauer.de\/?page_id=2289"},"modified":"2025-11-27T09:01:32","modified_gmt":"2025-11-27T08:01:32","slug":"contact","status":"publish","type":"page","link":"https:\/\/www.zum-kirchenbauer.de\/en\/contact\/","title":{"rendered":"Contact"},"content":{"rendered":"<div id='av_section_1'  class='avia-section av-ga0l2p-c1fc60197aaeae77d95a13281e8751b7 main_color avia-section-large avia-no-border-styling  avia-builder-el-0  avia-builder-el-no-sibling  avia-bg-style-scroll container_wrap fullsize'  ><div class='container av-section-cont-open' ><main  role=\"main\" itemprop=\"mainContentOfPage\"  class='template-page content  av-content-full alpha units'><div class='post-entry post-entry-type-page post-entry-2289'><div class='entry-content-wrapper clearfix'>\n<div  class='flex_column av-e6z3zl-4f07c107e33329e38fbd4a8a2c08a128 av_one_fifth  avia-builder-el-1  el_before_av_three_fifth  avia-builder-el-first  first flex_column_div  '     ><\/div><div  class='flex_column av-btewn5-3909bc0cc597987d5759ed569d06f502 av_three_fifth  avia-builder-el-2  el_after_av_one_fifth  el_before_av_one_fifth  flex_column_div  '     ><p>\n<style type=\"text\/css\" data-created_by=\"avia_inline_auto\" id=\"style-css-av-aflcqp-e4f8c5cdcf8dcf91757074483bb37314\">\n#top .av-special-heading.av-aflcqp-e4f8c5cdcf8dcf91757074483bb37314{\npadding-bottom:10px;\n}\nbody .av-special-heading.av-aflcqp-e4f8c5cdcf8dcf91757074483bb37314 .av-special-heading-tag .heading-char{\nfont-size:25px;\n}\n.av-special-heading.av-aflcqp-e4f8c5cdcf8dcf91757074483bb37314 .av-subheading{\nfont-size:15px;\n}\n<\/style>\n<div  class='av-special-heading av-aflcqp-e4f8c5cdcf8dcf91757074483bb37314 av-special-heading-h1 blockquote modern-quote modern-centered  avia-builder-el-3  el_before_av_hr  avia-builder-el-first '><h1 class='av-special-heading-tag '  itemprop=\"headline\"  >Contact<\/h1><div class=\"special-heading-border\"><div class=\"special-heading-inner-border\"><\/div><\/div><\/div><br \/>\n\n<style type=\"text\/css\" data-created_by=\"avia_inline_auto\" id=\"style-css-av-9ww4mp-0067ba3d9b40f1c6ab118e0f73168b13\">\n#top .hr.av-9ww4mp-0067ba3d9b40f1c6ab118e0f73168b13{\nmargin-top:30px;\nmargin-bottom:30px;\n}\n.hr.av-9ww4mp-0067ba3d9b40f1c6ab118e0f73168b13 .hr-inner{\nwidth:100px;\nborder-color:#000000;\n}\n<\/style>\n<div  class='hr av-9ww4mp-0067ba3d9b40f1c6ab118e0f73168b13 hr-custom  avia-builder-el-4  el_after_av_heading  el_before_av_textblock  hr-center hr-icon-no'><span class='hr-inner inner-border-av-border-fat'><span class=\"hr-inner-style\"><\/span><\/span><\/div><br \/>\n<section  class='av_textblock_section av-86295t-fbb5968b463da032d3f3e817e7e121c7 '   itemscope=\"itemscope\" itemtype=\"https:\/\/schema.org\/CreativeWork\" ><div class='avia_textblock'  itemprop=\"text\" ><div class=\"wpb_column vc_column_container vc_col-sm-3\">\n<div class=\"vc_column-inner \">\n<div class=\"wpb_wrapper\">\n<div class=\"wpb_text_column wpb_content_element \">\n<div class=\"wpb_wrapper\">\n<p>Andreas Ruppenthal<br \/>\nSchnitzlergasse 16<br \/>\nD-82487 Oberammergau<\/p>\n<p>Fon: 0 88 22-92 35 97<br \/>\nMob: 0179-4 40 12 43<\/p>\n<p><a href=\"mailto:urlaub@zum-kirchenbauer.de\">urlaub@zum-kirchenbauer.de<\/a><\/p>\n<\/div>\n<\/div>\n<\/div>\n<\/div>\n<\/div>\n<\/div><\/section><br \/>\n<div  class='avia-button-wrap av-6gze7l-ad8b11ec795c99f88e165cf3980140bb-wrap avia-button-left  avia-builder-el-6  el_after_av_textblock  el_before_av_hr '>\n<style type=\"text\/css\" data-created_by=\"avia_inline_auto\" id=\"style-css-av-6gze7l-ad8b11ec795c99f88e165cf3980140bb\">\n#top #wrap_all .avia-button.av-6gze7l-ad8b11ec795c99f88e165cf3980140bb{\nfont-size:20px;\nbackground-color:#d51117;\nborder-color:#d51117;\nborder-style:none;\ntransition:all 0.4s ease-in-out;\n}\n#top #wrap_all .avia-button.av-6gze7l-ad8b11ec795c99f88e165cf3980140bb:hover{\nbackground-color:#ffffff;\ncolor:#d51117;\ntransition:all 0.4s ease-in-out;\n}\n#top #wrap_all .avia-button.av-6gze7l-ad8b11ec795c99f88e165cf3980140bb:hover .avia-svg-icon svg:first-child{\nfill:#d51117;\nstroke:#d51117;\n}\n<\/style>\n<a href='https:\/\/maps.app.goo.gl\/AwmDfKdo4cmwTo6T6'  class='avia-button av-6gze7l-ad8b11ec795c99f88e165cf3980140bb av-link-btn avia-icon_select-yes-right-icon avia-size-large avia-position-left avia-font-color-theme-color'  target=\"_blank\"  rel=\"noopener noreferrer\"  aria-label=\"DIRECTIONS VIA GOOGLE MAPS\"><span class='avia_iconbox_title' >DIRECTIONS VIA GOOGLE MAPS<\/span><span class='avia_button_icon avia_button_icon_right avia-svg-icon avia-font-svg_entypo-fontello' data-av_svg_icon='map' data-av_iconset='svg_entypo-fontello'><svg version=\"1.1\" xmlns=\"http:\/\/www.w3.org\/2000\/svg\" width=\"32\" height=\"32\" viewBox=\"0 0 32 32\" preserveAspectRatio=\"xMidYMid meet\" aria-labelledby='av-svg-title-1' aria-describedby='av-svg-desc-1' role=\"graphics-symbol\">\n<title id='av-svg-title-1'>Map<\/title>\n<desc id='av-svg-desc-1'>Map<\/desc>\n<path d=\"M31.488 8q0.512 0.32 0.512 0.96v18.688q0 0.64-0.512 0.96-0.256 0.192-0.512 0.192t-0.576-0.192l-6.912-4.352-6.912 4.352q-0.576 0.32-1.088 0l-6.976-4.352-6.912 4.352q-0.512 0.32-1.088 0-0.512-0.32-0.512-0.96v-18.688q0-0.64 0.512-0.96l7.488-4.672q0.576-0.32 1.088 0l6.912 4.352 6.976-4.352q0.512-0.32 1.024 0zM7.488 22.4v-16.192l-5.376 3.328v16.192zM14.976 25.728v-16.192l-5.376-3.328v16.192zM22.464 22.4v-16.192l-5.44 3.328v16.192zM29.888 25.728v-16.192l-5.376-3.328v16.192z\"><\/path>\n<\/svg><\/span><\/a><\/div><br \/>\n\n<style type=\"text\/css\" data-created_by=\"avia_inline_auto\" id=\"style-css-av-4tbbyp-172c559d50c3191747204acec4485bd8\">\n#top .hr.av-4tbbyp-172c559d50c3191747204acec4485bd8{\nmargin-top:30px;\nmargin-bottom:30px;\n}\n.hr.av-4tbbyp-172c559d50c3191747204acec4485bd8 .hr-inner{\nwidth:100px;\nborder-color:#000000;\n}\n<\/style>\n<div  class='hr av-4tbbyp-172c559d50c3191747204acec4485bd8 hr-custom  avia-builder-el-7  el_after_av_button  avia-builder-el-last  hr-center hr-icon-no'><span class='hr-inner inner-border-av-border-fat'><span class=\"hr-inner-style\"><\/span><\/span><\/div><\/p><\/div><div  class='flex_column av-1w0tmp-c10bd930f77a32ad01f0303f084f5231 av_one_fifth  avia-builder-el-8  el_after_av_three_fifth  avia-builder-el-last  flex_column_div  '     ><\/div>\n","protected":false},"excerpt":{"rendered":"","protected":false},"author":1,"featured_media":0,"parent":0,"menu_order":0,"comment_status":"closed","ping_status":"closed","template":"","meta":{"footnotes":""},"class_list":["post-2289","page","type-page","status-publish","hentry"],"yoast_head":"<!-- This site is optimized with the Yoast SEO plugin v26.7 - https:\/\/yoast.com\/wordpress\/plugins\/seo\/ -->\n<title>Contact - Zum Kirchenbauer \u2014 Pension in Oberammergau<\/title>\n<meta name=\"description\" content=\"Pension Zum Kirchenbauer in Oberammergau \u2013 Ihr gem\u00fctlicher Ausgangspunkt zu Neuschwanstein, Linderhof, Wank, Schleifm\u00fchlklamm &amp; den sch\u00f6nsten Alpenzielen.\" \/>\n<meta name=\"robots\" content=\"index, follow, max-snippet:-1, max-image-preview:large, max-video-preview:-1\" \/>\n<link rel=\"canonical\" href=\"https:\/\/www.zum-kirchenbauer.de\/en\/contact\/\" \/>\n<meta property=\"og:locale\" content=\"en_US\" \/>\n<meta property=\"og:type\" content=\"article\" \/>\n<meta property=\"og:title\" content=\"Contact - Zum Kirchenbauer \u2014 Pension in Oberammergau\" \/>\n<meta property=\"og:description\" content=\"Pension Zum Kirchenbauer in Oberammergau \u2013 Ihr gem\u00fctlicher Ausgangspunkt zu Neuschwanstein, Linderhof, Wank, Schleifm\u00fchlklamm &amp; den sch\u00f6nsten Alpenzielen.\" \/>\n<meta property=\"og:url\" content=\"https:\/\/www.zum-kirchenbauer.de\/en\/contact\/\" \/>\n<meta property=\"og:site_name\" content=\"Zum Kirchenbauer\" \/>\n<meta property=\"article:modified_time\" content=\"2025-11-27T08:01:32+00:00\" \/>\n<meta property=\"og:image\" content=\"https:\/\/www.zum-kirchenbauer.de\/wp-content\/uploads\/home02.jpg\" \/>\n\t<meta property=\"og:image:width\" content=\"2200\" \/>\n\t<meta property=\"og:image:height\" content=\"1389\" \/>\n\t<meta property=\"og:image:type\" content=\"image\/jpeg\" \/>\n<meta name=\"twitter:card\" content=\"summary_large_image\" \/>\n<meta name=\"twitter:label1\" content=\"Est. reading time\" \/>\n\t<meta name=\"twitter:data1\" content=\"1 minute\" \/>\n<script type=\"application\/ld+json\" class=\"yoast-schema-graph\">{\"@context\":\"https:\/\/schema.org\",\"@graph\":[{\"@type\":\"WebPage\",\"@id\":\"https:\/\/www.zum-kirchenbauer.de\/en\/contact\/\",\"url\":\"https:\/\/www.zum-kirchenbauer.de\/en\/contact\/\",\"name\":\"Contact - Zum Kirchenbauer \u2014 Pension in Oberammergau\",\"isPartOf\":{\"@id\":\"https:\/\/www.zum-kirchenbauer.de\/#website\"},\"datePublished\":\"2018-01-15T17:10:39+00:00\",\"dateModified\":\"2025-11-27T08:01:32+00:00\",\"description\":\"Pension Zum Kirchenbauer in Oberammergau \u2013 Ihr gem\u00fctlicher Ausgangspunkt zu Neuschwanstein, Linderhof, Wank, Schleifm\u00fchlklamm & den sch\u00f6nsten Alpenzielen.\",\"breadcrumb\":{\"@id\":\"https:\/\/www.zum-kirchenbauer.de\/en\/contact\/#breadcrumb\"},\"inLanguage\":\"en-US\",\"potentialAction\":[{\"@type\":\"ReadAction\",\"target\":[\"https:\/\/www.zum-kirchenbauer.de\/en\/contact\/\"]}]},{\"@type\":\"BreadcrumbList\",\"@id\":\"https:\/\/www.zum-kirchenbauer.de\/en\/contact\/#breadcrumb\",\"itemListElement\":[{\"@type\":\"ListItem\",\"position\":1,\"name\":\"Startseite\",\"item\":\"https:\/\/www.zum-kirchenbauer.de\/en\/home\/\"},{\"@type\":\"ListItem\",\"position\":2,\"name\":\"Contact\"}]},{\"@type\":\"WebSite\",\"@id\":\"https:\/\/www.zum-kirchenbauer.de\/#website\",\"url\":\"https:\/\/www.zum-kirchenbauer.de\/\",\"name\":\"Pension Zum Kirchenbauer in Oberammergau\",\"description\":\"Das Besondere hat eine Geschichte.\",\"publisher\":{\"@id\":\"https:\/\/www.zum-kirchenbauer.de\/#organization\"},\"alternateName\":\"Zum Kirchenbauer\",\"potentialAction\":[{\"@type\":\"SearchAction\",\"target\":{\"@type\":\"EntryPoint\",\"urlTemplate\":\"https:\/\/www.zum-kirchenbauer.de\/?s={search_term_string}\"},\"query-input\":{\"@type\":\"PropertyValueSpecification\",\"valueRequired\":true,\"valueName\":\"search_term_string\"}}],\"inLanguage\":\"en-US\"},{\"@type\":\"Organization\",\"@id\":\"https:\/\/www.zum-kirchenbauer.de\/#organization\",\"name\":\"Zum Kirchenbauer\",\"url\":\"https:\/\/www.zum-kirchenbauer.de\/\",\"logo\":{\"@type\":\"ImageObject\",\"inLanguage\":\"en-US\",\"@id\":\"https:\/\/www.zum-kirchenbauer.de\/#\/schema\/logo\/image\/\",\"url\":\"https:\/\/www.zum-kirchenbauer.de\/wp-content\/uploads\/fav.png\",\"contentUrl\":\"https:\/\/www.zum-kirchenbauer.de\/wp-content\/uploads\/fav.png\",\"width\":600,\"height\":600,\"caption\":\"Zum Kirchenbauer\"},\"image\":{\"@id\":\"https:\/\/www.zum-kirchenbauer.de\/#\/schema\/logo\/image\/\"}}]}<\/script>\n<!-- \/ Yoast SEO plugin. -->","yoast_head_json":{"title":"Contact - Zum Kirchenbauer \u2014 Pension in Oberammergau","description":"Pension Zum Kirchenbauer in Oberammergau \u2013 Ihr gem\u00fctlicher Ausgangspunkt zu Neuschwanstein, Linderhof, Wank, Schleifm\u00fchlklamm & den sch\u00f6nsten Alpenzielen.","robots":{"index":"index","follow":"follow","max-snippet":"max-snippet:-1","max-image-preview":"max-image-preview:large","max-video-preview":"max-video-preview:-1"},"canonical":"https:\/\/www.zum-kirchenbauer.de\/en\/contact\/","og_locale":"en_US","og_type":"article","og_title":"Contact - Zum Kirchenbauer \u2014 Pension in Oberammergau","og_description":"Pension Zum Kirchenbauer in Oberammergau \u2013 Ihr gem\u00fctlicher Ausgangspunkt zu Neuschwanstein, Linderhof, Wank, Schleifm\u00fchlklamm & den sch\u00f6nsten Alpenzielen.","og_url":"https:\/\/www.zum-kirchenbauer.de\/en\/contact\/","og_site_name":"Zum Kirchenbauer","article_modified_time":"2025-11-27T08:01:32+00:00","og_image":[{"width":2200,"height":1389,"url":"https:\/\/www.zum-kirchenbauer.de\/wp-content\/uploads\/home02.jpg","type":"image\/jpeg"}],"twitter_card":"summary_large_image","twitter_misc":{"Est. reading time":"1 minute"},"schema":{"@context":"https:\/\/schema.org","@graph":[{"@type":"WebPage","@id":"https:\/\/www.zum-kirchenbauer.de\/en\/contact\/","url":"https:\/\/www.zum-kirchenbauer.de\/en\/contact\/","name":"Contact - Zum Kirchenbauer \u2014 Pension in Oberammergau","isPartOf":{"@id":"https:\/\/www.zum-kirchenbauer.de\/#website"},"datePublished":"2018-01-15T17:10:39+00:00","dateModified":"2025-11-27T08:01:32+00:00","description":"Pension Zum Kirchenbauer in Oberammergau \u2013 Ihr gem\u00fctlicher Ausgangspunkt zu Neuschwanstein, Linderhof, Wank, Schleifm\u00fchlklamm & den sch\u00f6nsten Alpenzielen.","breadcrumb":{"@id":"https:\/\/www.zum-kirchenbauer.de\/en\/contact\/#breadcrumb"},"inLanguage":"en-US","potentialAction":[{"@type":"ReadAction","target":["https:\/\/www.zum-kirchenbauer.de\/en\/contact\/"]}]},{"@type":"BreadcrumbList","@id":"https:\/\/www.zum-kirchenbauer.de\/en\/contact\/#breadcrumb","itemListElement":[{"@type":"ListItem","position":1,"name":"Startseite","item":"https:\/\/www.zum-kirchenbauer.de\/en\/home\/"},{"@type":"ListItem","position":2,"name":"Contact"}]},{"@type":"WebSite","@id":"https:\/\/www.zum-kirchenbauer.de\/#website","url":"https:\/\/www.zum-kirchenbauer.de\/","name":"Pension Zum Kirchenbauer in Oberammergau","description":"Das Besondere hat eine Geschichte.","publisher":{"@id":"https:\/\/www.zum-kirchenbauer.de\/#organization"},"alternateName":"Zum Kirchenbauer","potentialAction":[{"@type":"SearchAction","target":{"@type":"EntryPoint","urlTemplate":"https:\/\/www.zum-kirchenbauer.de\/?s={search_term_string}"},"query-input":{"@type":"PropertyValueSpecification","valueRequired":true,"valueName":"search_term_string"}}],"inLanguage":"en-US"},{"@type":"Organization","@id":"https:\/\/www.zum-kirchenbauer.de\/#organization","name":"Zum Kirchenbauer","url":"https:\/\/www.zum-kirchenbauer.de\/","logo":{"@type":"ImageObject","inLanguage":"en-US","@id":"https:\/\/www.zum-kirchenbauer.de\/#\/schema\/logo\/image\/","url":"https:\/\/www.zum-kirchenbauer.de\/wp-content\/uploads\/fav.png","contentUrl":"https:\/\/www.zum-kirchenbauer.de\/wp-content\/uploads\/fav.png","width":600,"height":600,"caption":"Zum Kirchenbauer"},"image":{"@id":"https:\/\/www.zum-kirchenbauer.de\/#\/schema\/logo\/image\/"}}]}},"_links":{"self":[{"href":"https:\/\/www.zum-kirchenbauer.de\/en\/wp-json\/wp\/v2\/pages\/2289","targetHints":{"allow":["GET"]}}],"collection":[{"href":"https:\/\/www.zum-kirchenbauer.de\/en\/wp-json\/wp\/v2\/pages"}],"about":[{"href":"https:\/\/www.zum-kirchenbauer.de\/en\/wp-json\/wp\/v2\/types\/page"}],"author":[{"embeddable":true,"href":"https:\/\/www.zum-kirchenbauer.de\/en\/wp-json\/wp\/v2\/users\/1"}],"replies":[{"embeddable":true,"href":"https:\/\/www.zum-kirchenbauer.de\/en\/wp-json\/wp\/v2\/comments?post=2289"}],"version-history":[{"count":5,"href":"https:\/\/www.zum-kirchenbauer.de\/en\/wp-json\/wp\/v2\/pages\/2289\/revisions"}],"predecessor-version":[{"id":2599,"href":"https:\/\/www.zum-kirchenbauer.de\/en\/wp-json\/wp\/v2\/pages\/2289\/revisions\/2599"}],"wp:attachment":[{"href":"https:\/\/www.zum-kirchenbauer.de\/en\/wp-json\/wp\/v2\/media?parent=2289"}],"curies":[{"name":"wp","href":"https:\/\/api.w.org\/{rel}","templated":true}]}}