{"id":2305,"date":"2018-01-15T18:06:02","date_gmt":"2018-01-15T17:06:02","guid":{"rendered":"https:\/\/www.zum-kirchenbauer.de\/?page_id=2305"},"modified":"2025-11-27T09:02:56","modified_gmt":"2025-11-27T08:02:56","slug":"data-protection","status":"publish","type":"page","link":"https:\/\/www.zum-kirchenbauer.de\/en\/data-protection\/","title":{"rendered":"Data protection"},"content":{"rendered":"<div id='av_section_1'  class='avia-section av-av_section-3bdba3d98a1567c42e94034dcebbd582 main_color avia-section-large avia-no-border-styling  avia-builder-el-0  avia-builder-el-no-sibling  avia-bg-style-scroll container_wrap fullsize'  ><div class='container av-section-cont-open' ><main  role=\"main\" itemprop=\"mainContentOfPage\"  class='template-page content  av-content-full alpha units'><div class='post-entry post-entry-type-page post-entry-2305'><div class='entry-content-wrapper clearfix'>\n<div  class='flex_column av-av_one_fifth-a2cef933b0a555f25d1e39b22a8e9dae av_one_fifth  avia-builder-el-1  el_before_av_three_fifth  avia-builder-el-first  first flex_column_div  '     ><\/div><div  class='flex_column av-av_three_fifth-538dd737667e19053994a94b9156413b av_three_fifth  avia-builder-el-2  el_after_av_one_fifth  el_before_av_one_fifth  flex_column_div  '     ><p>\n<style type=\"text\/css\" data-created_by=\"avia_inline_auto\" id=\"style-css-av-mih5bvgi-3e9861e4e1c1a1a3e3af549a9bdca2c3\">\n#top .av-special-heading.av-mih5bvgi-3e9861e4e1c1a1a3e3af549a9bdca2c3{\npadding-bottom:10px;\n}\nbody .av-special-heading.av-mih5bvgi-3e9861e4e1c1a1a3e3af549a9bdca2c3 .av-special-heading-tag .heading-char{\nfont-size:25px;\n}\n.av-special-heading.av-mih5bvgi-3e9861e4e1c1a1a3e3af549a9bdca2c3 .av-subheading{\nfont-size:15px;\n}\n<\/style>\n<div  class='av-special-heading av-mih5bvgi-3e9861e4e1c1a1a3e3af549a9bdca2c3 av-special-heading-h1 blockquote modern-quote modern-centered  avia-builder-el-3  el_before_av_hr  avia-builder-el-first '><h1 class='av-special-heading-tag '  itemprop=\"headline\"  >Data protection<\/h1><div class=\"special-heading-border\"><div class=\"special-heading-inner-border\"><\/div><\/div><\/div><br \/>\n\n<style type=\"text\/css\" data-created_by=\"avia_inline_auto\" id=\"style-css-av-av_hr-c6552f63f12471031b50304271c1228e\">\n#top .hr.av-av_hr-c6552f63f12471031b50304271c1228e{\nmargin-top:30px;\nmargin-bottom:30px;\n}\n.hr.av-av_hr-c6552f63f12471031b50304271c1228e .hr-inner{\nwidth:100px;\nborder-color:#000000;\n}\n<\/style>\n<div  class='hr av-av_hr-c6552f63f12471031b50304271c1228e hr-custom  avia-builder-el-4  el_after_av_heading  avia-builder-el-last  hr-center hr-icon-no'><span class='hr-inner inner-border-av-border-fat'><span class=\"hr-inner-style\"><\/span><\/span><\/div><\/p><\/div><div  class='flex_column av-av_one_fifth-538dd737667e19053994a94b9156413b av_one_fifth  avia-builder-el-5  el_after_av_three_fifth  el_before_av_textblock  flex_column_div  '     ><\/div><section  class='av_textblock_section av-av_textblock-7491b8051d5afd75714dec0046e8df32 '   itemscope=\"itemscope\" itemtype=\"https:\/\/schema.org\/CreativeWork\" ><div class='avia_textblock'  itemprop=\"text\" ><p>Die Betreiber dieser Seiten nehmen\u00a0den Schutz Ihrer pers\u00f6nlichen Daten sehr ernst. Wir behandeln Ihre personenbezogenen Daten\u00a0vertraulich und entsprechend der gesetzlichen Datenschutzvorschriften sowie dieser\u00a0Datenschutzerkl\u00e4rung.\u00a0Die Nutzung unserer Webseite ist in der Regel ohne Angabe\u00a0personenbezogener Daten m\u00f6glich. Soweit auf unseren Seiten personenbezogene Daten\u00a0(beispielsweise Name, Anschrift oder E-Mail-Adressen) erhoben werden, erfolgt dies, soweit\u00a0m\u00f6glich, stets auf freiwilliger Basis. Diese Daten werden ohne Ihre ausdr\u00fcckliche Zustimmung\u00a0nicht an Dritte weitergegeben.<\/p>\n<p>Wir weisen darauf hin, dass die Daten\u00fcbertragung im Internet\u00a0(z.B. bei der Kommunikation per E-Mail) Sicherheitsl\u00fccken aufweisen kann. Ein l\u00fcckenloser\u00a0Schutz der Daten vor dem Zugriff durch Dritte ist nicht m\u00f6glich.<\/p>\n<h4>COOKIES<\/h4>\n<p>Die Internetseiten verwenden teilweise so genannte Cookies. Cookies richten auf Ihrem\u00a0Rechner keinen Schaden an und enthalten keine Viren. Cookies dienen dazu, unser Angebot\u00a0nutzerfreundlicher, effektiver und sicherer zu machen. Cookies sind kleine Textdateien, die auf IhremRechner abgelegt werden und die Ihr Browser speichert.<br \/>\nDie meisten der von uns verwendeten\u00a0Cookies sind so genannte \u201eSession-Cookies\u201c. Sie werden nach Ende Ihres Besuchs automatisch\u00a0gel\u00f6scht. Andere Cookies bleiben auf Ihrem Endger\u00e4t gespeichert, bis Sie diese l\u00f6schen.\u00a0Diese Cookies erm\u00f6glichen es uns, Ihren Browser beim n\u00e4chsten Besuch\u00a0wiederzuerkennen.<br \/>\nSie k\u00f6nnen Ihren Browser so einstellen, dass Sie \u00fcber das Setzen\u00a0von Cookies informiert werden und Cookies nur im Einzelfall erlauben, die Annahme von Cookies f\u00fcr\u00a0bestimmte F\u00e4lle oder generell ausschlie\u00dfen sowie das automatische L\u00f6schen der\u00a0Cookies beim Schlie\u00dfen des Browser aktivieren. Bei der Deaktivierung von Cookies kann die\u00a0Funktionalit\u00e4t dieser Website eingeschr\u00e4nkt sein.<\/p>\n<h4>SERVER-LOG-FILES<\/h4>\n<p>Der Provider der Seiten erhebt und speichert automatisch Informationen in so genannten\u00a0Server-Log Files, die Ihr Browser automatisch an uns \u00fcbermittelt. Dies sind:<\/p>\n<ul>\n<li>Browsertyp und Browserversion<\/li>\n<li>verwendetes Betriebssystem<\/li>\n<li>Referrer URL<\/li>\n<li>Hostname des zugreifenden Rechners<\/li>\n<li>Uhrzeit der Serveranfrage<\/li>\n<\/ul>\n<p>Diese Daten sind\u00a0nicht bestimmten Personen zuordenbar. Eine Zusammenf\u00fchrung dieser Daten mit anderen\u00a0Datenquellen wird nicht vorgenommen. Wir behalten uns vor, diese Daten nachtr\u00e4glich zu\u00a0pr\u00fcfen, wenn uns konkrete Anhaltspunkte f\u00fcr eine rechtswidrige Nutzung bekannt werden.<\/p>\n<h4>KONTAKTFORMULAR<\/h4>\n<p>Wenn Sie uns per Kontaktformular Anfragen zukommen\u00a0lassen, werden Ihre Angaben aus dem Anfrageformular inklusive der von Ihnen dort angegebenen<br \/>\nKontaktdaten zwecks Bearbeitung der Anfrage und f\u00fcr den Fall von Anschlussfragen bei uns\u00a0gespeichert. Diese Daten geben wir nicht ohne Ihre Einwilligung weiter.<\/p>\n<h4>WIDERSPRUCH WERBE-MAILS<\/h4>\n<p>Der Nutzung von im Rahmen der Impressumspflicht<br \/>\nver\u00f6ffentlichten Kontaktdaten zur \u00dcbersendung von nicht ausdr\u00fccklich angeforderter\u00a0Werbung und Informationsmaterialien wird hiermit widersprochen. Die Betreiber der Seiten behalten sich\u00a0ausdr\u00fccklich rechtliche Schritte im Falle der unverlangten Zusendung von Werbeinformationen, etwa\u00a0durch Spam-E-Mails, vor.<\/p>\n<h4>WIDERRUF IHRER EINWILLIGUNG ZUR DATENVERARBEITUNG<\/h4>\n<p>Viele Datenverarbeitungsvorg\u00e4nge sind nur mit Ihrer ausdr\u00fccklichen Einwilligung m\u00f6glich. Sie k\u00f6nnen eine bereits erteilte Einwilligung jederzeit widerrufen. Dazu reicht eine formlose Mitteilung per E-Mail an uns. Die Rechtm\u00e4\u00dfigkeit der bis zum Widerruf erfolgten Datenverarbeitung bleibt vom Widerruf unber\u00fchrt.<\/p>\n<h4>BESCHWERDERECHT BEI DER ZUST\u00c4NDIGEN AUFSICHTSBEH\u00d6RDE<\/h4>\n<p>Im Falle datenschutzrechtlicher Verst\u00f6\u00dfe steht dem Betroffenen ein Beschwerderecht bei der zust\u00e4ndigen Aufsichtsbeh\u00f6rde zu. Zust\u00e4ndige Aufsichtsbeh\u00f6rde in datenschutzrechtlichen Fragen ist der Landesdatenschutzbeauftragte des Bundeslandes, in dem unser Unternehmen seinen Sitz hat. Eine Liste der Datenschutzbeauftragten sowie deren Kontaktdaten k\u00f6nnen folgendem Link entnommen werden: <a href=\"https:\/\/www.bfdi.bund.de\/DE\/Infothek\/Anschriften_Links\/anschriften_links-node.html\" target=\"_blank\" rel=\"noopener\">https:\/\/www.bfdi.bund.de\/DE\/Infothek\/Anschriften_Links\/anschriften_links-node.html<\/a>.<\/p>\n<h4>RECHT AUF DATEN\u00dcBERTRAGBARKEIT<\/h4>\n<p>Sie haben das Recht, Daten, die wir auf Grundlage Ihrer Einwilligung oder in Erf\u00fcllung eines Vertrags automatisiert verarbeiten, an sich oder an einen Dritten in einem g\u00e4ngigen, maschinenlesbaren Format aush\u00e4ndigen zu lassen. Sofern Sie die direkte \u00dcbertragung der Daten an einen anderen Verantwortlichen verlangen, erfolgt dies nur, soweit es technisch machbar ist.<\/p>\n<h4>SSL- BZW. TLS-VERSCHL\u00dcSSELUNG<\/h4>\n<p>Diese Seite nutzt aus Sicherheitsgr\u00fcnden und zum Schutz der \u00dcbertragung vertraulicher Inhalte, wie zum Beispiel Bestellungen oder Anfragen, die Sie an uns als Seitenbetreiber senden, eine SSL-bzw. TLS-Verschl\u00fcsselung. Eine verschl\u00fcsselte Verbindung erkennen Sie daran, dass die Adresszeile des Browsers von \u201chttp:\/\/\u201d auf \u201chttps:\/\/\u201d wechselt und an dem Schloss-Symbol in Ihrer Browserzeile.<\/p>\n<p>Wenn die SSL- bzw. TLS-Verschl\u00fcsselung aktiviert ist, k\u00f6nnen die Daten, die Sie an uns \u00fcbermitteln, nicht von Dritten mitgelesen werden.<\/p>\n<h4>AUSKUNFT, SPERRUNG, L\u00d6SCHUNG<\/h4>\n<p>Sie haben im Rahmen der geltenden gesetzlichen Bestimmungen jederzeit das Recht auf unentgeltliche Auskunft \u00fcber Ihre gespeicherten personenbezogenen Daten, deren Herkunft und Empf\u00e4nger und den Zweck der Datenverarbeitung und ggf. ein Recht auf Berichtigung, Sperrung oder L\u00f6schung dieser Daten. Hierzu sowie zu weiteren Fragen zum Thema personenbezogene Daten k\u00f6nnen Sie sich jederzeit unter der im Impressum angegebenen Adresse an uns wenden.<\/p>\n<h4>PLUGINS UND TOOLS<\/h4>\n<h4>GOOGLE WEB FONTS<\/h4>\n<p>Diese Seite nutzt zur einheitlichen Darstellung von Schriftarten so genannte Web Fonts, die von Google bereitgestellt werden. Beim Aufruf einer Seite l\u00e4dt Ihr Browser die ben\u00f6tigten Web Fonts in ihren Browsercache, um Texte und Schriftarten korrekt anzuzeigen.<\/p>\n<p>Zu diesem Zweck muss der von Ihnen verwendete Browser Verbindung zu den Servern von Google aufnehmen. Hierdurch erlangt Google Kenntnis dar\u00fcber, dass \u00fcber Ihre IP-Adresse unsere Website aufgerufen wurde. Die Nutzung von Google Web Fonts erfolgt im Interesse einer einheitlichen und ansprechenden Darstellung unserer Online-Angebote. Dies stellt ein berechtigtes Interesse im Sinne von Art. 6 Abs. 1 lit. f DSGVO dar.<\/p>\n<p>Wenn Ihr Browser Web Fonts nicht unterst\u00fctzt, wird eine Standardschrift von Ihrem Computer genutzt.<\/p>\n<p>Weitere Informationen zu Google Web Fonts finden Sie unter <a href=\"https:\/\/developers.google.com\/fonts\/faq\" target=\"_blank\" rel=\"noopener\">https:\/\/developers.google.com\/fonts\/faq<\/a> und in der Datenschutzerkl\u00e4rung von Google: <a href=\"https:\/\/www.google.com\/policies\/privacy\/\" target=\"_blank\" rel=\"noopener\">https:\/\/www.google.com\/policies\/privacy\/<\/a>.<\/p>\n<h4>GOOGLE MAPS<\/h4>\n<p>Diese Seite nutzt \u00fcber eine API den Kartendienst Google Maps. Anbieter ist die Google Inc., 1600 Amphitheatre Parkway, Mountain View, CA 94043, USA.<\/p>\n<p>Zur Nutzung der Funktionen von Google Maps ist es notwendig, Ihre IP Adresse zu speichern. Diese Informationen werden in der Regel an einen Server von Google in den USA \u00fcbertragen und dort gespeichert. Der Anbieter dieser Seite hat keinen Einfluss auf diese Daten\u00fcbertragung.<\/p>\n<p>Die Nutzung von Google Maps erfolgt im Interesse einer ansprechenden Darstellung unserer Online-Angebote und an einer leichten Auffindbarkeit der von uns auf der Website angegebenen Orte. Dies stellt ein berechtigtes Interesse im Sinne von Art. 6 Abs. 1 lit. f DSGVO dar.<\/p>\n<p>Mehr Informationen zum Umgang mit Nutzerdaten finden Sie in der Datenschutzerkl\u00e4rung von Google: <a href=\"https:\/\/www.google.de\/intl\/de\/policies\/privacy\/\" target=\"_blank\" rel=\"noopener\">https:\/\/www.google.de\/intl\/de\/policies\/privacy\/<\/a>.<\/p>\n<h4>DATENSCHUTZVERANTWORTLICHER<\/h4>\n<p>Die verantwortliche Stelle f\u00fcr die Datenverarbeitung auf dieser Website ist:<\/p>\n<p>Andreas Ruppenthal<br \/>\nSchnitzlergasse 16<br \/>\nD-82487 Oberammergau<\/p>\n<p>Fon: 0 88 22-92 35 97<br \/>\nMail: <a href=\"mailto:urlaub@zum-kirchenbauer.de\">urlaub@zum-kirchenbauer.de<\/a><\/p>\n<p>Verantwortliche Stelle ist die nat\u00fcrliche oder juristische Person, die allein oder gemeinsam mit anderen \u00fcber die Zwecke und Mittel der Verarbeitung von personenbezogenen Daten (z.B. Namen, E-Mail-Adressen o. \u00c4.) entscheidet.<\/p>\n<h4>DATENSCHUTZRICHTLINIEN DRITTANBIETER<\/h4>\n<p>DIRS 21:<a href=\"http:\/\/www.dirs21.de\/disclaimer\" target=\"_blank\" rel=\"noopener\">\u00a0http:\/\/www.dirs21.de\/disclaimer<\/a><\/p>\n<p>TourOnline AG<br \/>\nBorsigstra\u00dfe 26<br \/>\n73249 Wernau<br \/>\nEmail: <a href=\"mailto:info@dirs21.de\">info@dirs21.de<\/a><\/p>\n<p>Phone: <a href=\"tel:+49715392500\">+49 (0) 7153 9250 0<\/a><br \/>\nFax: <a href=\"tel:+49715392540\">+49 (0) 7153 9254 0<\/a><\/p>\n<p>Quelle: <a href=\"https:\/\/www.e-recht24.de\/musterdatenschutzerklaerung.%20html\" target=\"_blank\" rel=\"noopener\">https:\/\/www.e-recht24.de\/muster-datenschutzerklaerung.html<\/a><\/p>\n<\/div><\/section>\n\n","protected":false},"excerpt":{"rendered":"","protected":false},"author":1,"featured_media":0,"parent":0,"menu_order":0,"comment_status":"closed","ping_status":"closed","template":"","meta":{"footnotes":""},"class_list":["post-2305","page","type-page","status-publish","hentry"],"yoast_head":"<!-- This site is optimized with the Yoast SEO plugin v26.7 - https:\/\/yoast.com\/wordpress\/plugins\/seo\/ -->\n<title>Data protection - Zum Kirchenbauer \u2014 Pension in Oberammergau<\/title>\n<meta name=\"description\" content=\"Pension Zum Kirchenbauer in Oberammergau \u2013 Ihr gem\u00fctlicher Ausgangspunkt zu Neuschwanstein, Linderhof, Wank, Schleifm\u00fchlklamm &amp; den sch\u00f6nsten Alpenzielen.\" \/>\n<meta name=\"robots\" content=\"index, follow, max-snippet:-1, max-image-preview:large, max-video-preview:-1\" \/>\n<link rel=\"canonical\" href=\"https:\/\/www.zum-kirchenbauer.de\/en\/data-protection\/\" \/>\n<meta property=\"og:locale\" content=\"en_US\" \/>\n<meta property=\"og:type\" content=\"article\" \/>\n<meta property=\"og:title\" content=\"Data protection - Zum Kirchenbauer \u2014 Pension in Oberammergau\" \/>\n<meta property=\"og:description\" content=\"Pension Zum Kirchenbauer in Oberammergau \u2013 Ihr gem\u00fctlicher Ausgangspunkt zu Neuschwanstein, Linderhof, Wank, Schleifm\u00fchlklamm &amp; den sch\u00f6nsten Alpenzielen.\" \/>\n<meta property=\"og:url\" content=\"https:\/\/www.zum-kirchenbauer.de\/en\/data-protection\/\" \/>\n<meta property=\"og:site_name\" content=\"Zum Kirchenbauer\" \/>\n<meta property=\"article:modified_time\" content=\"2025-11-27T08:02:56+00:00\" \/>\n<meta property=\"og:image\" content=\"https:\/\/www.zum-kirchenbauer.de\/wp-content\/uploads\/home02.jpg\" \/>\n\t<meta property=\"og:image:width\" content=\"2200\" \/>\n\t<meta property=\"og:image:height\" content=\"1389\" \/>\n\t<meta property=\"og:image:type\" content=\"image\/jpeg\" \/>\n<meta name=\"twitter:card\" content=\"summary_large_image\" \/>\n<meta name=\"twitter:label1\" content=\"Est. reading time\" \/>\n\t<meta name=\"twitter:data1\" content=\"6 minutes\" \/>\n<script type=\"application\/ld+json\" class=\"yoast-schema-graph\">{\"@context\":\"https:\/\/schema.org\",\"@graph\":[{\"@type\":\"WebPage\",\"@id\":\"https:\/\/www.zum-kirchenbauer.de\/en\/data-protection\/\",\"url\":\"https:\/\/www.zum-kirchenbauer.de\/en\/data-protection\/\",\"name\":\"Data protection - Zum Kirchenbauer \u2014 Pension in Oberammergau\",\"isPartOf\":{\"@id\":\"https:\/\/www.zum-kirchenbauer.de\/#website\"},\"datePublished\":\"2018-01-15T17:06:02+00:00\",\"dateModified\":\"2025-11-27T08:02:56+00:00\",\"description\":\"Pension Zum Kirchenbauer in Oberammergau \u2013 Ihr gem\u00fctlicher Ausgangspunkt zu Neuschwanstein, Linderhof, Wank, Schleifm\u00fchlklamm & den sch\u00f6nsten Alpenzielen.\",\"breadcrumb\":{\"@id\":\"https:\/\/www.zum-kirchenbauer.de\/en\/data-protection\/#breadcrumb\"},\"inLanguage\":\"en-US\",\"potentialAction\":[{\"@type\":\"ReadAction\",\"target\":[\"https:\/\/www.zum-kirchenbauer.de\/en\/data-protection\/\"]}]},{\"@type\":\"BreadcrumbList\",\"@id\":\"https:\/\/www.zum-kirchenbauer.de\/en\/data-protection\/#breadcrumb\",\"itemListElement\":[{\"@type\":\"ListItem\",\"position\":1,\"name\":\"Startseite\",\"item\":\"https:\/\/www.zum-kirchenbauer.de\/en\/home\/\"},{\"@type\":\"ListItem\",\"position\":2,\"name\":\"Data protection\"}]},{\"@type\":\"WebSite\",\"@id\":\"https:\/\/www.zum-kirchenbauer.de\/#website\",\"url\":\"https:\/\/www.zum-kirchenbauer.de\/\",\"name\":\"Pension Zum Kirchenbauer in Oberammergau\",\"description\":\"Das Besondere hat eine Geschichte.\",\"publisher\":{\"@id\":\"https:\/\/www.zum-kirchenbauer.de\/#organization\"},\"alternateName\":\"Zum Kirchenbauer\",\"potentialAction\":[{\"@type\":\"SearchAction\",\"target\":{\"@type\":\"EntryPoint\",\"urlTemplate\":\"https:\/\/www.zum-kirchenbauer.de\/?s={search_term_string}\"},\"query-input\":{\"@type\":\"PropertyValueSpecification\",\"valueRequired\":true,\"valueName\":\"search_term_string\"}}],\"inLanguage\":\"en-US\"},{\"@type\":\"Organization\",\"@id\":\"https:\/\/www.zum-kirchenbauer.de\/#organization\",\"name\":\"Zum Kirchenbauer\",\"url\":\"https:\/\/www.zum-kirchenbauer.de\/\",\"logo\":{\"@type\":\"ImageObject\",\"inLanguage\":\"en-US\",\"@id\":\"https:\/\/www.zum-kirchenbauer.de\/#\/schema\/logo\/image\/\",\"url\":\"https:\/\/www.zum-kirchenbauer.de\/wp-content\/uploads\/fav.png\",\"contentUrl\":\"https:\/\/www.zum-kirchenbauer.de\/wp-content\/uploads\/fav.png\",\"width\":600,\"height\":600,\"caption\":\"Zum Kirchenbauer\"},\"image\":{\"@id\":\"https:\/\/www.zum-kirchenbauer.de\/#\/schema\/logo\/image\/\"}}]}<\/script>\n<!-- \/ Yoast SEO plugin. -->","yoast_head_json":{"title":"Data protection - Zum Kirchenbauer \u2014 Pension in Oberammergau","description":"Pension Zum Kirchenbauer in Oberammergau \u2013 Ihr gem\u00fctlicher Ausgangspunkt zu Neuschwanstein, Linderhof, Wank, Schleifm\u00fchlklamm & den sch\u00f6nsten Alpenzielen.","robots":{"index":"index","follow":"follow","max-snippet":"max-snippet:-1","max-image-preview":"max-image-preview:large","max-video-preview":"max-video-preview:-1"},"canonical":"https:\/\/www.zum-kirchenbauer.de\/en\/data-protection\/","og_locale":"en_US","og_type":"article","og_title":"Data protection - Zum Kirchenbauer \u2014 Pension in Oberammergau","og_description":"Pension Zum Kirchenbauer in Oberammergau \u2013 Ihr gem\u00fctlicher Ausgangspunkt zu Neuschwanstein, Linderhof, Wank, Schleifm\u00fchlklamm & den sch\u00f6nsten Alpenzielen.","og_url":"https:\/\/www.zum-kirchenbauer.de\/en\/data-protection\/","og_site_name":"Zum Kirchenbauer","article_modified_time":"2025-11-27T08:02:56+00:00","og_image":[{"width":2200,"height":1389,"url":"https:\/\/www.zum-kirchenbauer.de\/wp-content\/uploads\/home02.jpg","type":"image\/jpeg"}],"twitter_card":"summary_large_image","twitter_misc":{"Est. reading time":"6 minutes"},"schema":{"@context":"https:\/\/schema.org","@graph":[{"@type":"WebPage","@id":"https:\/\/www.zum-kirchenbauer.de\/en\/data-protection\/","url":"https:\/\/www.zum-kirchenbauer.de\/en\/data-protection\/","name":"Data protection - Zum Kirchenbauer \u2014 Pension in Oberammergau","isPartOf":{"@id":"https:\/\/www.zum-kirchenbauer.de\/#website"},"datePublished":"2018-01-15T17:06:02+00:00","dateModified":"2025-11-27T08:02:56+00:00","description":"Pension Zum Kirchenbauer in Oberammergau \u2013 Ihr gem\u00fctlicher Ausgangspunkt zu Neuschwanstein, Linderhof, Wank, Schleifm\u00fchlklamm & den sch\u00f6nsten Alpenzielen.","breadcrumb":{"@id":"https:\/\/www.zum-kirchenbauer.de\/en\/data-protection\/#breadcrumb"},"inLanguage":"en-US","potentialAction":[{"@type":"ReadAction","target":["https:\/\/www.zum-kirchenbauer.de\/en\/data-protection\/"]}]},{"@type":"BreadcrumbList","@id":"https:\/\/www.zum-kirchenbauer.de\/en\/data-protection\/#breadcrumb","itemListElement":[{"@type":"ListItem","position":1,"name":"Startseite","item":"https:\/\/www.zum-kirchenbauer.de\/en\/home\/"},{"@type":"ListItem","position":2,"name":"Data protection"}]},{"@type":"WebSite","@id":"https:\/\/www.zum-kirchenbauer.de\/#website","url":"https:\/\/www.zum-kirchenbauer.de\/","name":"Pension Zum Kirchenbauer in Oberammergau","description":"Das Besondere hat eine Geschichte.","publisher":{"@id":"https:\/\/www.zum-kirchenbauer.de\/#organization"},"alternateName":"Zum Kirchenbauer","potentialAction":[{"@type":"SearchAction","target":{"@type":"EntryPoint","urlTemplate":"https:\/\/www.zum-kirchenbauer.de\/?s={search_term_string}"},"query-input":{"@type":"PropertyValueSpecification","valueRequired":true,"valueName":"search_term_string"}}],"inLanguage":"en-US"},{"@type":"Organization","@id":"https:\/\/www.zum-kirchenbauer.de\/#organization","name":"Zum Kirchenbauer","url":"https:\/\/www.zum-kirchenbauer.de\/","logo":{"@type":"ImageObject","inLanguage":"en-US","@id":"https:\/\/www.zum-kirchenbauer.de\/#\/schema\/logo\/image\/","url":"https:\/\/www.zum-kirchenbauer.de\/wp-content\/uploads\/fav.png","contentUrl":"https:\/\/www.zum-kirchenbauer.de\/wp-content\/uploads\/fav.png","width":600,"height":600,"caption":"Zum Kirchenbauer"},"image":{"@id":"https:\/\/www.zum-kirchenbauer.de\/#\/schema\/logo\/image\/"}}]}},"_links":{"self":[{"href":"https:\/\/www.zum-kirchenbauer.de\/en\/wp-json\/wp\/v2\/pages\/2305","targetHints":{"allow":["GET"]}}],"collection":[{"href":"https:\/\/www.zum-kirchenbauer.de\/en\/wp-json\/wp\/v2\/pages"}],"about":[{"href":"https:\/\/www.zum-kirchenbauer.de\/en\/wp-json\/wp\/v2\/types\/page"}],"author":[{"embeddable":true,"href":"https:\/\/www.zum-kirchenbauer.de\/en\/wp-json\/wp\/v2\/users\/1"}],"replies":[{"embeddable":true,"href":"https:\/\/www.zum-kirchenbauer.de\/en\/wp-json\/wp\/v2\/comments?post=2305"}],"version-history":[{"count":2,"href":"https:\/\/www.zum-kirchenbauer.de\/en\/wp-json\/wp\/v2\/pages\/2305\/revisions"}],"predecessor-version":[{"id":2600,"href":"https:\/\/www.zum-kirchenbauer.de\/en\/wp-json\/wp\/v2\/pages\/2305\/revisions\/2600"}],"wp:attachment":[{"href":"https:\/\/www.zum-kirchenbauer.de\/en\/wp-json\/wp\/v2\/media?parent=2305"}],"curies":[{"name":"wp","href":"https:\/\/api.w.org\/{rel}","templated":true}]}}